{"id":2557,"date":"2023-10-09T16:31:38","date_gmt":"2023-10-09T16:31:38","guid":{"rendered":"https:\/\/elearning.ddasproject.eu\/parliamentary-debate-role-play\/"},"modified":"2024-06-27T11:19:42","modified_gmt":"2024-06-27T11:19:42","slug":"parliamentary-debate-role-play","status":"publish","type":"page","link":"https:\/\/elearning.ddasproject.eu\/tr\/parliamentary-debate-role-play\/","title":{"rendered":"Activity 3: Parlamentoda tart\u0131\u015fma &#8211; rol canland\u0131rma"},"content":{"rendered":"<p>[et_pb_section fb_built=&#8221;1&#8243; admin_label=&#8221;Doctors&#8221; _builder_version=&#8221;4.21.2&#8243; custom_padding=&#8221;0px||3px||false|false&#8221; locked=&#8221;off&#8221; global_colors_info=&#8221;{}&#8221;][et_pb_row padding_top_bottom_link_1=&#8221;true&#8221; padding_left_right_link_1=&#8221;true&#8221; _builder_version=&#8221;4.21.2&#8243; background_enable_color=&#8221;off&#8221; use_background_color_gradient=&#8221;on&#8221; background_color_gradient_direction=&#8221;140deg&#8221; background_color_gradient_stops=&#8221;#70277d 0%|rgba(112,39,125,0.55) 100%&#8221; background_color_gradient_start=&#8221;#62de9d&#8221; custom_margin=&#8221;0px||60px||false|false&#8221; custom_padding=&#8221;100px|30px|100px|30px|true|true&#8221; animation_style=&#8221;flip&#8221; border_radii=&#8221;|60px||60px|&#8221; box_shadow_style=&#8221;preset3&#8243; box_shadow_vertical=&#8221;45px&#8221; box_shadow_blur=&#8221;42px&#8221; box_shadow_spread=&#8221;-26px&#8221; box_shadow_color=&#8221;rgba(112,39,125,0.59)&#8221; locked=&#8221;off&#8221; global_colors_info=&#8221;{}&#8221;][et_pb_column type=&#8221;4_4&#8243; _builder_version=&#8221;4.16&#8243; custom_padding=&#8221;|||&#8221; global_colors_info=&#8221;{}&#8221; custom_padding__hover=&#8221;|||&#8221;][et_pb_post_title meta=&#8221;off&#8221; featured_image=&#8221;off&#8221; _builder_version=&#8221;4.21.2&#8243; _module_preset=&#8221;default&#8221; title_level=&#8221;h2&#8243; title_font=&#8221;Roboto|700|||||||&#8221; title_text_align=&#8221;center&#8221; title_text_color=&#8221;#FFFFFF&#8221; title_font_size=&#8221;30px&#8221; global_colors_info=&#8221;{}&#8221; title_2_font_size_tablet=&#8221;30px&#8221; title_2_font_size_phone=&#8221;22px&#8221; title_2_font_size_last_edited=&#8221;on|phone&#8221;][\/et_pb_post_title][\/et_pb_column][\/et_pb_row][\/et_pb_section][et_pb_section fb_built=&#8221;1&#8243; _builder_version=&#8221;4.21.2&#8243; _module_preset=&#8221;default&#8221; global_colors_info=&#8221;{}&#8221;][et_pb_row _builder_version=&#8221;4.21.2&#8243; _module_preset=&#8221;default&#8221; global_colors_info=&#8221;{}&#8221;][et_pb_column type=&#8221;4_4&#8243; _builder_version=&#8221;4.21.2&#8243; _module_preset=&#8221;default&#8221; global_colors_info=&#8221;{}&#8221;][et_pb_text _builder_version=&#8221;4.25.2&#8243; _module_preset=&#8221;default&#8221; hover_enabled=&#8221;0&#8243; border_style_bottom=&#8221;dashed&#8221; global_colors_info=&#8221;{}&#8221; sticky_enabled=&#8221;0&#8243;]<\/p>\n<p><span style=\"font-weight: 400;\">Bu aktivitede a\u015f\u0131r\u0131 (ve \u015fok edici) ifadeler \u00f6\u011frenciler taraf\u0131ndan ele\u015ftirel bir incelemeye tabi tutulur. Sonu\u00e7ta demokrasi, bazen ifade \u00f6zg\u00fcrl\u00fc\u011f\u00fc ile ba\u015fkalar\u0131n\u0131n haklar\u0131na sayg\u0131 aras\u0131nda kurulan zor bir dengedir. Rol oynama yoluyla \u00f6\u011frenciler a\u015f\u0131r\u0131 ifadeler sergiler ve yan\u0131lg\u0131lara \u00f6zellikle dikkat ederek tart\u0131\u015fmay\u0131 analiz ederler. Bu grup etkinli\u011finde \u00f6\u011frenciler arg\u00fcmanlar\u0131n\u0131 derinlemesine ele al\u0131r ve detayl\u0131 bir \u015fekilde a\u00e7\u0131klarlar.<\/span><\/p>\n<p>[\/et_pb_text][\/et_pb_column][\/et_pb_row][et_pb_row _builder_version=&#8221;4.21.2&#8243; _module_preset=&#8221;default&#8221; global_colors_info=&#8221;{}&#8221;][et_pb_column type=&#8221;4_4&#8243; _builder_version=&#8221;4.21.2&#8243; _module_preset=&#8221;default&#8221; global_colors_info=&#8221;{}&#8221;][et_pb_text _builder_version=&#8221;4.25.2&#8243; _module_preset=&#8221;default&#8221; header_text_color=&#8221;#949e38&#8243; header_2_text_color=&#8221;#949e38&#8243; hover_enabled=&#8221;0&#8243; border_style_bottom=&#8221;dashed&#8221; global_colors_info=&#8221;{}&#8221; sticky_enabled=&#8221;0&#8243;]<\/p>\n<h2><b>Hedefler<\/b><\/h2>\n<p>[\/et_pb_text][\/et_pb_column][\/et_pb_row][et_pb_row column_structure=&#8221;1_3,1_3,1_3&#8243; _builder_version=&#8221;4.21.2&#8243; _module_preset=&#8221;default&#8221; global_colors_info=&#8221;{}&#8221;][et_pb_column type=&#8221;1_3&#8243; _builder_version=&#8221;4.21.2&#8243; _module_preset=&#8221;default&#8221; global_colors_info=&#8221;{}&#8221;][et_pb_blurb title=&#8221;demokratik diyalog y\u00f6ntemini geli\u015ftirmek ve hassas konular\u0131 tart\u0131\u015fmak.&#8221; use_icon=&#8221;on&#8221; font_icon=&#8221;&#x3d;||divi||400&#8243; icon_color=&#8221;#949e38&#8243; icon_placement=&#8221;left&#8221; _builder_version=&#8221;4.25.2&#8243; _module_preset=&#8221;default&#8221; hover_enabled=&#8221;0&#8243; global_colors_info=&#8221;{}&#8221; sticky_enabled=&#8221;0&#8243;][\/et_pb_blurb][\/et_pb_column][et_pb_column type=&#8221;1_3&#8243; _builder_version=&#8221;4.21.2&#8243; _module_preset=&#8221;default&#8221; global_colors_info=&#8221;{}&#8221;][et_pb_blurb title=&#8221;Ba\u015fkalar\u0131yla i\u015fbirli\u011fi yapmak&#8221; use_icon=&#8221;on&#8221; font_icon=&#8221;&#x3d;||divi||400&#8243; icon_color=&#8221;#949e38&#8243; icon_placement=&#8221;left&#8221; _builder_version=&#8221;4.25.2&#8243; _module_preset=&#8221;default&#8221; hover_enabled=&#8221;0&#8243; global_colors_info=&#8221;{}&#8221; sticky_enabled=&#8221;0&#8243;][\/et_pb_blurb][\/et_pb_column][et_pb_column type=&#8221;1_3&#8243; _builder_version=&#8221;4.21.2&#8243; _module_preset=&#8221;default&#8221; global_colors_info=&#8221;{}&#8221;][et_pb_blurb title=&#8221;Ba\u015fkalar\u0131n\u0131n g\u00f6r\u00fc\u015f(ler)ini incelemek ve yap\u0131c\u0131 bir \u015fekilde g\u00f6r\u00fc\u015f bildirmek.&#8221; use_icon=&#8221;on&#8221; font_icon=&#8221;&#x3d;||divi||400&#8243; icon_color=&#8221;#949e38&#8243; icon_placement=&#8221;left&#8221; _builder_version=&#8221;4.25.2&#8243; _module_preset=&#8221;default&#8221; hover_enabled=&#8221;0&#8243; global_colors_info=&#8221;{}&#8221; sticky_enabled=&#8221;0&#8243;][\/et_pb_blurb][\/et_pb_column][\/et_pb_row][et_pb_row column_structure=&#8221;1_3,1_3,1_3&#8243; _builder_version=&#8221;4.21.2&#8243; _module_preset=&#8221;default&#8221; global_colors_info=&#8221;{}&#8221;][et_pb_column type=&#8221;1_3&#8243; _builder_version=&#8221;4.21.2&#8243; _module_preset=&#8221;default&#8221; global_colors_info=&#8221;{}&#8221;][et_pb_blurb title=&#8221;\u00c7o\u011funlukla tart\u0131\u015fmalara yol a\u00e7an arg\u00fcmanlar ve yan\u0131lg\u0131lar hakk\u0131nda fikir edinmek.&#8221; use_icon=&#8221;on&#8221; font_icon=&#8221;&#x3d;||divi||400&#8243; icon_color=&#8221;#949e38&#8243; icon_placement=&#8221;left&#8221; _builder_version=&#8221;4.25.2&#8243; _module_preset=&#8221;default&#8221; hover_enabled=&#8221;0&#8243; global_colors_info=&#8221;{}&#8221; sticky_enabled=&#8221;0&#8243;][\/et_pb_blurb][\/et_pb_column][et_pb_column type=&#8221;1_3&#8243; _builder_version=&#8221;4.21.2&#8243; _module_preset=&#8221;default&#8221; global_colors_info=&#8221;{}&#8221;][et_pb_blurb title=&#8221;Ba\u015fkalar\u0131n\u0131n inan\u00e7 ve de\u011ferlerine empatiyle yakla\u015fabilmek.&#8221; use_icon=&#8221;on&#8221; font_icon=&#8221;&#x3d;||divi||400&#8243; icon_color=&#8221;#949e38&#8243; icon_placement=&#8221;left&#8221; _builder_version=&#8221;4.25.2&#8243; _module_preset=&#8221;default&#8221; hover_enabled=&#8221;0&#8243; global_colors_info=&#8221;{}&#8221; sticky_enabled=&#8221;0&#8243;][\/et_pb_blurb][\/et_pb_column][et_pb_column type=&#8221;1_3&#8243; _builder_version=&#8221;4.21.2&#8243; _module_preset=&#8221;default&#8221; global_colors_info=&#8221;{}&#8221;][et_pb_blurb title=&#8221;Kendine g\u00fcven kazanmak.&#8221; use_icon=&#8221;on&#8221; font_icon=&#8221;&#x3d;||divi||400&#8243; icon_color=&#8221;#949e38&#8243; icon_placement=&#8221;left&#8221; _builder_version=&#8221;4.25.2&#8243; _module_preset=&#8221;default&#8221; hover_enabled=&#8221;0&#8243; global_colors_info=&#8221;{}&#8221; sticky_enabled=&#8221;0&#8243;][\/et_pb_blurb][\/et_pb_column][\/et_pb_row][et_pb_row column_structure=&#8221;1_3,2_3&#8243; _builder_version=&#8221;4.21.2&#8243; _module_preset=&#8221;default&#8221; global_colors_info=&#8221;{}&#8221;][et_pb_column type=&#8221;1_3&#8243; _builder_version=&#8221;4.21.2&#8243; _module_preset=&#8221;default&#8221; global_colors_info=&#8221;{}&#8221;][et_pb_text _builder_version=&#8221;4.25.2&#8243; _module_preset=&#8221;default&#8221; header_text_color=&#8221;#949e38&#8243; header_2_text_color=&#8221;#949e38&#8243; hover_enabled=&#8221;0&#8243; border_style_bottom=&#8221;dashed&#8221; global_colors_info=&#8221;{}&#8221; sticky_enabled=&#8221;0&#8243;]<\/p>\n<h2><b>Ayr\u0131lmas\u0131 i\u00e7in belirlenen s\u00fcre<\/b><\/h2>\n<p>&nbsp;<\/p>\n<p>[\/et_pb_text][\/et_pb_column][et_pb_column type=&#8221;2_3&#8243; _builder_version=&#8221;4.21.2&#8243; _module_preset=&#8221;default&#8221; global_colors_info=&#8221;{}&#8221;][et_pb_text _builder_version=&#8221;4.25.2&#8243; _module_preset=&#8221;default&#8221; hover_enabled=&#8221;0&#8243; border_style_bottom=&#8221;dashed&#8221; global_colors_info=&#8221;{}&#8221; sticky_enabled=&#8221;0&#8243;]<\/p>\n<p><span style=\"font-weight: 400;\">45-60 dakika<\/span><\/p>\n<p>[\/et_pb_text][\/et_pb_column][\/et_pb_row][et_pb_row column_structure=&#8221;1_3,2_3&#8243; _builder_version=&#8221;4.21.2&#8243; _module_preset=&#8221;default&#8221; global_colors_info=&#8221;{}&#8221;][et_pb_column type=&#8221;1_3&#8243; _builder_version=&#8221;4.21.2&#8243; _module_preset=&#8221;default&#8221; global_colors_info=&#8221;{}&#8221;][et_pb_text _builder_version=&#8221;4.25.2&#8243; _module_preset=&#8221;default&#8221; header_text_color=&#8221;#949e38&#8243; header_2_text_color=&#8221;#949e38&#8243; hover_enabled=&#8221;0&#8243; border_style_bottom=&#8221;dashed&#8221; global_colors_info=&#8221;{}&#8221; sticky_enabled=&#8221;0&#8243;]<\/p>\n<h2><b>Y\u00f6neten &amp; hedef kitle<\/b><\/h2>\n<p>[\/et_pb_text][\/et_pb_column][et_pb_column type=&#8221;2_3&#8243; _builder_version=&#8221;4.21.2&#8243; _module_preset=&#8221;default&#8221; global_colors_info=&#8221;{}&#8221;][et_pb_text _builder_version=&#8221;4.25.2&#8243; _module_preset=&#8221;default&#8221; hover_enabled=&#8221;0&#8243; border_style_bottom=&#8221;dashed&#8221; global_colors_info=&#8221;{}&#8221; sticky_enabled=&#8221;0&#8243;]<\/p>\n<p><span style=\"font-weight: 400;\">Y\u00f6neten: \u00f6\u011fretmen<\/span><\/p>\n<p><span style=\"font-weight: 400;\">hedef kitle: \u00f6\u011frenciler<\/span><\/p>\n<p>[\/et_pb_text][\/et_pb_column][\/et_pb_row][et_pb_row _builder_version=&#8221;4.21.2&#8243; _module_preset=&#8221;default&#8221; global_colors_info=&#8221;{}&#8221;][et_pb_column type=&#8221;4_4&#8243; _builder_version=&#8221;4.21.2&#8243; _module_preset=&#8221;default&#8221; global_colors_info=&#8221;{}&#8221;][et_pb_text _builder_version=&#8221;4.21.2&#8243; _module_preset=&#8221;default&#8221; header_text_color=&#8221;#949e38&#8243; header_2_text_color=&#8221;#949e38&#8243; border_style_bottom=&#8221;dashed&#8221; global_colors_info=&#8221;{}&#8221;]<\/p>\n<h2>Methodology \u2013 steps for the facilitator<\/h2>\n<p>[\/et_pb_text][\/et_pb_column][\/et_pb_row][et_pb_row column_structure=&#8221;1_4,3_4&#8243; _builder_version=&#8221;4.21.2&#8243; _module_preset=&#8221;default&#8221; custom_padding=&#8221;0px|||||&#8221; global_colors_info=&#8221;{}&#8221;][et_pb_column type=&#8221;1_4&#8243; _builder_version=&#8221;4.21.2&#8243; _module_preset=&#8221;default&#8221; global_colors_info=&#8221;{}&#8221;][et_pb_text _builder_version=&#8221;4.25.2&#8243; _module_preset=&#8221;default&#8221; header_font=&#8221;|800|||||||&#8221; header_text_align=&#8221;center&#8221; header_text_color=&#8221;#E09900&#8243; header_font_size=&#8221;36px&#8221; hover_enabled=&#8221;0&#8243; border_style_bottom=&#8221;dashed&#8221; global_colors_info=&#8221;{}&#8221; sticky_enabled=&#8221;0&#8243;]<\/p>\n<h1><strong>Ortam:<\/strong><\/h1>\n<p>[\/et_pb_text][\/et_pb_column][et_pb_column type=&#8221;3_4&#8243; _builder_version=&#8221;4.21.2&#8243; _module_preset=&#8221;default&#8221; global_colors_info=&#8221;{}&#8221;][et_pb_text _builder_version=&#8221;4.25.2&#8243; _module_preset=&#8221;default&#8221; custom_padding=&#8221;||20px||false|false&#8221; hover_enabled=&#8221;0&#8243; border_width_bottom=&#8221;1px&#8221; border_color_bottom=&#8221;#949e38&#8243; border_style_bottom=&#8221;dashed&#8221; global_colors_info=&#8221;{}&#8221; sticky_enabled=&#8221;0&#8243;]<\/p>\n<ul>\n<li><span style=\"font-weight: 400;\">Oday\u0131 ayarlay\u0131n. Konu\u015fmalar, taraftarlarla rakipler aras\u0131nda yer alan masan\u0131n arkas\u0131ndan ve j\u00fcri \u00f6n\u00fcnde yap\u0131l\u0131r.<\/span><\/li>\n<li style=\"font-weight: 400;\" aria-level=\"1\"><span style=\"font-weight: 400;\">J\u00fcri de bir masan\u0131n arkas\u0131nda hem savunanlar\u0131 hem de kar\u015f\u0131 \u00e7\u0131kanlar\u0131 g\u00f6rebilecekleri bir yerde oturur.<\/span><\/li>\n<li style=\"font-weight: 400;\" aria-level=\"1\"><span style=\"font-weight: 400;\">G\u00f6zlemciler: tart\u0131\u015fmay\u0131 takip edebilecekleri odan\u0131n arka taraf\u0131nda<\/span><\/li>\n<\/ul>\n<p>[\/et_pb_text][\/et_pb_column][\/et_pb_row][et_pb_row column_structure=&#8221;1_4,3_4&#8243; _builder_version=&#8221;4.21.2&#8243; _module_preset=&#8221;default&#8221; custom_padding=&#8221;0px|||||&#8221; global_colors_info=&#8221;{}&#8221;][et_pb_column type=&#8221;1_4&#8243; _builder_version=&#8221;4.21.2&#8243; _module_preset=&#8221;default&#8221; global_colors_info=&#8221;{}&#8221;][et_pb_text _builder_version=&#8221;4.25.2&#8243; _module_preset=&#8221;default&#8221; header_font=&#8221;|800|||||||&#8221; header_text_align=&#8221;center&#8221; header_text_color=&#8221;#E09900&#8243; header_font_size=&#8221;36px&#8221; hover_enabled=&#8221;0&#8243; border_style_bottom=&#8221;dashed&#8221; global_colors_info=&#8221;{}&#8221; sticky_enabled=&#8221;0&#8243;]<\/p>\n<h1><strong>Roller:<\/strong><\/h1>\n<p>[\/et_pb_text][\/et_pb_column][et_pb_column type=&#8221;3_4&#8243; _builder_version=&#8221;4.21.2&#8243; _module_preset=&#8221;default&#8221; global_colors_info=&#8221;{}&#8221;][et_pb_text _builder_version=&#8221;4.25.2&#8243; _module_preset=&#8221;default&#8221; custom_padding=&#8221;||20px||false|false&#8221; hover_enabled=&#8221;0&#8243; border_width_bottom=&#8221;1px&#8221; border_color_bottom=&#8221;#949e38&#8243; border_style_bottom=&#8221;dashed&#8221; global_colors_info=&#8221;{}&#8221; sticky_enabled=&#8221;0&#8243;]<\/p>\n<ul>\n<li><span style=\"font-weight: 400;\">J\u00fcrinin (\u00f6\u011frencilerin) iki \u00f6nemli kural\u0131 vard\u0131r. \u00d6ncelikle a\u00e7\u0131klamayla ilgili ki\u015fisel g\u00f6r\u00fc\u015flerini belirtmelerine izin verilmiyor. J\u00fcri \u00fcyeleri yaln\u0131zca m\u00fcnazara s\u0131ras\u0131nda s\u00f6ylenenleri de\u011ferlendirir; m\u00fcnazarada yaln\u0131zca s\u00f6ylenenler ve duyulanlar dikkate al\u0131n\u0131r. M\u00fcnazara s\u0131ras\u0131nda j\u00fcri iki \u015feye dikkat eder: m\u00fcnazarac\u0131lar\u0131n sunumu ve tart\u0131\u015fmas\u0131.<\/span><\/li>\n<li>Bir ifadeyi destekleyenler (\u00f6\u011frenciler) kendi bak\u0131\u015f a\u00e7\u0131lar\u0131n\u0131 savunmak i\u00e7in her t\u00fcrl\u00fc arg\u00fcman\u0131 kullan\u0131rlar.<\/li>\n<li>Rakipler (\u00f6\u011frenciler) kendi bak\u0131\u015f a\u00e7\u0131lar\u0131n\u0131 savunmak i\u00e7in de her arg\u00fcman\u0131 kullan\u0131rlar.<\/li>\n<li>E\u011fitmen (\u00f6\u011fretmen), destek\u00e7ilere ve muhaliflere zorlu siyasi a\u00e7\u0131klamalar sunar.<\/li>\n<\/ul>\n<p>[\/et_pb_text][\/et_pb_column][\/et_pb_row][et_pb_row column_structure=&#8221;1_4,3_4&#8243; _builder_version=&#8221;4.21.2&#8243; _module_preset=&#8221;default&#8221; custom_padding=&#8221;0px|||||&#8221; global_colors_info=&#8221;{}&#8221;][et_pb_column type=&#8221;1_4&#8243; _builder_version=&#8221;4.21.2&#8243; _module_preset=&#8221;default&#8221; global_colors_info=&#8221;{}&#8221;][et_pb_text _builder_version=&#8221;4.21.2&#8243; _module_preset=&#8221;default&#8221; header_font=&#8221;|800|||||||&#8221; header_text_align=&#8221;center&#8221; header_text_color=&#8221;#E09900&#8243; header_font_size=&#8221;60px&#8221; border_style_bottom=&#8221;dashed&#8221; global_colors_info=&#8221;{}&#8221;]<\/p>\n<h1>1<\/h1>\n<p>[\/et_pb_text][\/et_pb_column][et_pb_column type=&#8221;3_4&#8243; _builder_version=&#8221;4.21.2&#8243; _module_preset=&#8221;default&#8221; global_colors_info=&#8221;{}&#8221;][et_pb_text _builder_version=&#8221;4.25.2&#8243; _module_preset=&#8221;default&#8221; custom_padding=&#8221;||20px||false|false&#8221; hover_enabled=&#8221;0&#8243; border_width_bottom=&#8221;1px&#8221; border_color_bottom=&#8221;#949e38&#8243; border_style_bottom=&#8221;dashed&#8221; global_colors_info=&#8221;{}&#8221; sticky_enabled=&#8221;0&#8243;]<\/p>\n<p><span style=\"font-weight: 400;\">Parlamento tart\u0131\u015fma \u00e7al\u0131\u015fmas\u0131n\u0131n talimatlar\u0131n\u0131 a\u00e7\u0131klay\u0131n. M\u00fcnazara 2 \u00f6\u011frenciye kar\u015f\u0131 2 \u00f6\u011frenciyle oynanmal\u0131d\u0131r. M\u00fcnazara, taraftarlar ve muhalifler i\u00e7in 2 konu\u015fma s\u0131ras\u0131ndan olu\u015fur. Bu nedenle her konu\u015fma s\u0131ras\u0131n\u0131n kendi i\u015flevi vard\u0131r ve bu tart\u0131\u015fma format\u0131nda her konu\u015fmac\u0131n\u0131n sabit bir konu\u015fma s\u00fcresi vard\u0131r.<\/span><\/p>\n<p>[\/et_pb_text][\/et_pb_column][\/et_pb_row][et_pb_row column_structure=&#8221;1_4,3_4&#8243; _builder_version=&#8221;4.21.2&#8243; _module_preset=&#8221;default&#8221; custom_padding=&#8221;0px|||||&#8221; global_colors_info=&#8221;{}&#8221;][et_pb_column type=&#8221;1_4&#8243; _builder_version=&#8221;4.21.2&#8243; _module_preset=&#8221;default&#8221; global_colors_info=&#8221;{}&#8221;][et_pb_text _builder_version=&#8221;4.21.2&#8243; _module_preset=&#8221;default&#8221; header_font=&#8221;|800|||||||&#8221; header_text_align=&#8221;center&#8221; header_text_color=&#8221;#E09900&#8243; header_font_size=&#8221;60px&#8221; border_style_bottom=&#8221;dashed&#8221; global_colors_info=&#8221;{}&#8221;]<\/p>\n<h1>2<\/h1>\n<p>[\/et_pb_text][\/et_pb_column][et_pb_column type=&#8221;3_4&#8243; _builder_version=&#8221;4.21.2&#8243; _module_preset=&#8221;default&#8221; global_colors_info=&#8221;{}&#8221;][et_pb_text _builder_version=&#8221;4.25.2&#8243; _module_preset=&#8221;default&#8221; custom_padding=&#8221;||20px||false|false&#8221; hover_enabled=&#8221;0&#8243; border_width_bottom=&#8221;1px&#8221; border_color_bottom=&#8221;#949e38&#8243; border_style_bottom=&#8221;dashed&#8221; global_colors_info=&#8221;{}&#8221; sticky_enabled=&#8221;0&#8243;]<\/p>\n<p><span style=\"font-weight: 400;\">E\u011fitmen beyaz tahtaya herkesin g\u00f6rebilece\u011fi siyasi bir a\u00e7\u0131klama yazar. Taraflar\u0131n, kendi bak\u0131\u015f a\u00e7\u0131lar\u0131n\u0131 savunmak i\u00e7in m\u00fcmk\u00fcn oldu\u011fu kadar \u00e7ok say\u0131da arg\u00fcman bulmalar\u0131 gerekiyor. Rakipler i\u00e7in de ayn\u0131 \u015fey ge\u00e7erli. Gerekirse e\u011fitmen baz\u0131 roller yaz\u0131p bunlar\u0131 \u00f6nceden da\u011f\u0131tabilir. Her ki\u015fiye konu\u015fmas\u0131 i\u00e7in 2 dakika s\u00fcre verilir. J\u00fcri ise iki tak\u0131m aras\u0131nda moderat\u00f6rl\u00fck yapar.<\/span><\/p>\n<p>[\/et_pb_text][\/et_pb_column][\/et_pb_row][et_pb_row column_structure=&#8221;1_4,3_4&#8243; _builder_version=&#8221;4.21.2&#8243; _module_preset=&#8221;default&#8221; custom_padding=&#8221;0px|||||&#8221; global_colors_info=&#8221;{}&#8221;][et_pb_column type=&#8221;1_4&#8243; _builder_version=&#8221;4.21.2&#8243; _module_preset=&#8221;default&#8221; global_colors_info=&#8221;{}&#8221;][et_pb_text _builder_version=&#8221;4.21.2&#8243; _module_preset=&#8221;default&#8221; header_font=&#8221;|800|||||||&#8221; header_text_align=&#8221;center&#8221; header_text_color=&#8221;#E09900&#8243; header_font_size=&#8221;60px&#8221; border_style_bottom=&#8221;dashed&#8221; global_colors_info=&#8221;{}&#8221;]<\/p>\n<h1>3<\/h1>\n<p>[\/et_pb_text][\/et_pb_column][et_pb_column type=&#8221;3_4&#8243; _builder_version=&#8221;4.21.2&#8243; _module_preset=&#8221;default&#8221; global_colors_info=&#8221;{}&#8221;][et_pb_text _builder_version=&#8221;4.25.2&#8243; _module_preset=&#8221;default&#8221; custom_padding=&#8221;||20px||false|false&#8221; hover_enabled=&#8221;0&#8243; border_width_bottom=&#8221;1px&#8221; border_color_bottom=&#8221;#949e38&#8243; border_style_bottom=&#8221;dashed&#8221; global_colors_info=&#8221;{}&#8221; sticky_enabled=&#8221;0&#8243;]<\/p>\n<p><span style=\"font-weight: 400;\">Conclusion with everyone in the classroom. Collective reflection on the exercise.<\/span><\/p>\n<p>[\/et_pb_text][\/et_pb_column][\/et_pb_row][et_pb_row column_structure=&#8221;1_3,2_3&#8243; _builder_version=&#8221;4.21.2&#8243; _module_preset=&#8221;default&#8221; locked=&#8221;off&#8221; global_colors_info=&#8221;{}&#8221;][et_pb_column type=&#8221;1_3&#8243; _builder_version=&#8221;4.21.2&#8243; _module_preset=&#8221;default&#8221; global_colors_info=&#8221;{}&#8221;][et_pb_text _builder_version=&#8221;4.25.2&#8243; _module_preset=&#8221;default&#8221; header_text_color=&#8221;#949e38&#8243; header_2_text_color=&#8221;#949e38&#8243; hover_enabled=&#8221;0&#8243; border_style_bottom=&#8221;dashed&#8221; global_colors_info=&#8221;{}&#8221; sticky_enabled=&#8221;0&#8243;]<\/p>\n<h2><b>Materyaller ve Kaynaklar \u2013 ara\u00e7lar<\/b><\/h2>\n<p>&nbsp;<\/p>\n<p>[\/et_pb_text][\/et_pb_column][et_pb_column type=&#8221;2_3&#8243; _builder_version=&#8221;4.21.2&#8243; _module_preset=&#8221;default&#8221; global_colors_info=&#8221;{}&#8221;][et_pb_text _builder_version=&#8221;4.25.2&#8243; _module_preset=&#8221;default&#8221; hover_enabled=&#8221;0&#8243; border_style_bottom=&#8221;dashed&#8221; global_colors_info=&#8221;{}&#8221; sticky_enabled=&#8221;0&#8243;]<\/p>\n<ul>\n<li><span style=\"font-weight: 400;\">rollerle ilgili notlar<\/span><\/li>\n<li style=\"font-weight: 400;\" aria-level=\"1\"><span style=\"font-weight: 400;\">s\u0131n\u0131f tahtas\u0131 ve politik beyanlar<\/span><\/li>\n<li style=\"font-weight: 400;\" aria-level=\"1\"><span style=\"font-weight: 400;\">s\u0131n\u0131f<\/span><\/li>\n<\/ul>\n<p>[\/et_pb_text][\/et_pb_column][\/et_pb_row][et_pb_row _builder_version=&#8221;4.21.2&#8243; _module_preset=&#8221;default&#8221; global_colors_info=&#8221;{}&#8221;][et_pb_column type=&#8221;4_4&#8243; _builder_version=&#8221;4.21.2&#8243; _module_preset=&#8221;default&#8221; global_colors_info=&#8221;{}&#8221;][et_pb_button button_url=&#8221;https:\/\/elearning.ddasproject.eu\/wp-content\/uploads\/ddas_module-1_activity3.pdf&#8221; url_new_window=&#8221;on&#8221; button_text=&#8221;PDF S\u00fcr\u00fcm\u00fc&#8221; button_alignment=&#8221;center&#8221; _builder_version=&#8221;4.25.2&#8243; _module_preset=&#8221;default&#8221; custom_button=&#8221;on&#8221; button_bg_color=&#8221;#949e38&#8243; background_layout=&#8221;dark&#8221; hover_enabled=&#8221;0&#8243; global_colors_info=&#8221;{}&#8221; sticky_enabled=&#8221;0&#8243;][\/et_pb_button][\/et_pb_column][\/et_pb_row][et_pb_row _builder_version=&#8221;4.21.2&#8243; _module_preset=&#8221;default&#8221; global_colors_info=&#8221;{}&#8221;][et_pb_column type=&#8221;4_4&#8243; _builder_version=&#8221;4.21.2&#8243; _module_preset=&#8221;default&#8221; global_colors_info=&#8221;{}&#8221;][et_pb_button button_url=&#8221;@ET-DC@eyJkeW5hbWljIjp0cnVlLCJjb250ZW50IjoicG9zdF9saW5rX3VybF9zZndkLWNvdXJzZXMiLCJzZXR0aW5ncyI6eyJwb3N0X2lkIjoiNjYifX0=@&#8221; url_new_window=&#8221;on&#8221; button_text=&#8221;Mod\u00fcle Geri D\u00f6n&#8221; button_alignment=&#8221;center&#8221; _builder_version=&#8221;4.25.2&#8243; _dynamic_attributes=&#8221;button_url&#8221; _module_preset=&#8221;default&#8221; custom_button=&#8221;on&#8221; button_bg_color=&#8221;#6f277c&#8221; background_layout=&#8221;dark&#8221; hover_enabled=&#8221;0&#8243; global_colors_info=&#8221;{}&#8221; sticky_enabled=&#8221;0&#8243;][\/et_pb_button][\/et_pb_column][\/et_pb_row][\/et_pb_section]<\/p>\n","protected":false},"excerpt":{"rendered":"<p>Bu aktivitede a\u015f\u0131r\u0131 (ve \u015fok edici) ifadeler \u00f6\u011frenciler taraf\u0131ndan ele\u015ftirel bir incelemeye tabi tutulur. Sonu\u00e7ta demokrasi, bazen ifade \u00f6zg\u00fcrl\u00fc\u011f\u00fc ile ba\u015fkalar\u0131n\u0131n haklar\u0131na sayg\u0131 aras\u0131nda kurulan zor bir dengedir. Rol oynama yoluyla \u00f6\u011frenciler a\u015f\u0131r\u0131 ifadeler sergiler ve yan\u0131lg\u0131lara \u00f6zellikle dikkat ederek tart\u0131\u015fmay\u0131 analiz ederler. Bu grup etkinli\u011finde \u00f6\u011frenciler arg\u00fcmanlar\u0131n\u0131 derinlemesine ele al\u0131r ve detayl\u0131 bir \u015fekilde [&hellip;]<\/p>\n","protected":false},"author":1,"featured_media":0,"parent":0,"menu_order":0,"comment_status":"closed","ping_status":"closed","template":"","meta":{"_acf_changed":false,"_et_pb_use_builder":"on","_et_pb_old_content":"<!-- wp:divi\/placeholder \/-->","_et_gb_content_width":"","footnotes":""},"class_list":["post-2557","page","type-page","status-publish","hentry"],"acf":[],"_links":{"self":[{"href":"https:\/\/elearning.ddasproject.eu\/tr\/wp-json\/wp\/v2\/pages\/2557","targetHints":{"allow":["GET"]}}],"collection":[{"href":"https:\/\/elearning.ddasproject.eu\/tr\/wp-json\/wp\/v2\/pages"}],"about":[{"href":"https:\/\/elearning.ddasproject.eu\/tr\/wp-json\/wp\/v2\/types\/page"}],"author":[{"embeddable":true,"href":"https:\/\/elearning.ddasproject.eu\/tr\/wp-json\/wp\/v2\/users\/1"}],"replies":[{"embeddable":true,"href":"https:\/\/elearning.ddasproject.eu\/tr\/wp-json\/wp\/v2\/comments?post=2557"}],"version-history":[{"count":3,"href":"https:\/\/elearning.ddasproject.eu\/tr\/wp-json\/wp\/v2\/pages\/2557\/revisions"}],"predecessor-version":[{"id":6002,"href":"https:\/\/elearning.ddasproject.eu\/tr\/wp-json\/wp\/v2\/pages\/2557\/revisions\/6002"}],"wp:attachment":[{"href":"https:\/\/elearning.ddasproject.eu\/tr\/wp-json\/wp\/v2\/media?parent=2557"}],"curies":[{"name":"wp","href":"https:\/\/api.w.org\/{rel}","templated":true}]}}