{"id":2507,"date":"2023-11-02T08:31:41","date_gmt":"2023-11-02T08:31:41","guid":{"rendered":"https:\/\/elearning.ddasproject.eu\/faq\/"},"modified":"2024-07-19T10:51:13","modified_gmt":"2024-07-19T10:51:13","slug":"faq","status":"publish","type":"page","link":"https:\/\/elearning.ddasproject.eu\/tr\/faq\/","title":{"rendered":"SSSG"},"content":{"rendered":"<p>[et_pb_section fb_built=&#8221;1&#8243; admin_label=&#8221;Doctors&#8221; _builder_version=&#8221;4.21.2&#8243; custom_padding=&#8221;0px||3px||false|false&#8221; locked=&#8221;off&#8221; global_colors_info=&#8221;{}&#8221;][et_pb_row padding_top_bottom_link_1=&#8221;true&#8221; padding_left_right_link_1=&#8221;true&#8221; _builder_version=&#8221;4.21.2&#8243; background_enable_color=&#8221;off&#8221; use_background_color_gradient=&#8221;on&#8221; background_color_gradient_direction=&#8221;140deg&#8221; background_color_gradient_stops=&#8221;#70277d 0%|rgba(112,39,125,0.55) 100%&#8221; background_color_gradient_start=&#8221;#62de9d&#8221; custom_margin=&#8221;0px||60px||false|false&#8221; custom_padding=&#8221;100px|30px|100px|30px|true|true&#8221; animation_style=&#8221;flip&#8221; border_radii=&#8221;|60px||60px|&#8221; box_shadow_style=&#8221;preset3&#8243; box_shadow_vertical=&#8221;45px&#8221; box_shadow_blur=&#8221;42px&#8221; box_shadow_spread=&#8221;-26px&#8221; box_shadow_color=&#8221;rgba(112,39,125,0.59)&#8221; locked=&#8221;off&#8221; global_colors_info=&#8221;{}&#8221;][et_pb_column type=&#8221;4_4&#8243; _builder_version=&#8221;4.16&#8243; custom_padding=&#8221;|||&#8221; global_colors_info=&#8221;{}&#8221; custom_padding__hover=&#8221;|||&#8221;][et_pb_post_title meta=&#8221;off&#8221; featured_image=&#8221;off&#8221; _builder_version=&#8221;4.21.2&#8243; _module_preset=&#8221;default&#8221; title_level=&#8221;h2&#8243; title_font=&#8221;Roboto|700|||||||&#8221; title_text_align=&#8221;center&#8221; title_text_color=&#8221;#FFFFFF&#8221; title_font_size=&#8221;30px&#8221; global_colors_info=&#8221;{}&#8221; title_2_font_size_tablet=&#8221;30px&#8221; title_2_font_size_phone=&#8221;22px&#8221; title_2_font_size_last_edited=&#8221;on|phone&#8221;][\/et_pb_post_title][\/et_pb_column][\/et_pb_row][\/et_pb_section][et_pb_section fb_built=&#8221;1&#8243; _builder_version=&#8221;4.21.2&#8243; _module_preset=&#8221;default&#8221; global_colors_info=&#8221;{}&#8221;][et_pb_row column_structure=&#8221;1_3,2_3&#8243; _builder_version=&#8221;4.23&#8243; _module_preset=&#8221;default&#8221; border_width_bottom=&#8221;1px&#8221; border_color_bottom=&#8221;#6F277C&#8221; border_style_bottom=&#8221;dashed&#8221; global_colors_info=&#8221;{}&#8221;][et_pb_column type=&#8221;1_3&#8243; _builder_version=&#8221;4.21.2&#8243; _module_preset=&#8221;default&#8221; global_colors_info=&#8221;{}&#8221;][et_pb_text _builder_version=&#8221;4.23&#8243; _module_preset=&#8221;default&#8221; header_text_color=&#8221;#949e38&#8243; header_2_text_color=&#8221;#949e38&#8243; border_style_bottom=&#8221;dashed&#8221; global_colors_info=&#8221;{}&#8221;]<\/p>\n<h2>E-\u00f6\u011frenme mod\u00fcllerini takip etmek zorunlu mu?<\/h2>\n<p>[\/et_pb_text][\/et_pb_column][et_pb_column type=&#8221;2_3&#8243; _builder_version=&#8221;4.21.2&#8243; _module_preset=&#8221;default&#8221; global_colors_info=&#8221;{}&#8221;][et_pb_text _builder_version=&#8221;4.23&#8243; _module_preset=&#8221;default&#8221; border_style_bottom=&#8221;dashed&#8221; global_colors_info=&#8221;{}&#8221;]<\/p>\n<p>Hay\u0131r, ilgilendi\u011finiz herhangi bir mod\u00fcle kaydolabilir ve ke\u015ffedebilirsiniz. Bununla birlikte, di\u011fer 4 mod\u00fcl\u00fc ke\u015ffetmeden \u00f6nce 0 mod\u00fcl\u00fcn\u00fc alman\u0131z\u0131 tavsiye ederiz, \u00e7\u00fcnk\u00fc bu mod\u00fcl okuldaki tart\u0131\u015fmal\u0131 konular\u0131 ele almak i\u00e7in demokratik diyalo\u011fa bir giri\u015f niteli\u011findedir ve bu t\u00fcr konular\u0131 olumlu pedagojik f\u0131rsatlara d\u00f6n\u00fc\u015ft\u00fcrme stratejilerini ara\u015ft\u0131rmaktad\u0131r. 1 ila 4 mod\u00fclleri ise s\u0131n\u0131fta ortaya \u00e7\u0131kabilecek belirli tart\u0131\u015fmal\u0131 konular hakk\u0131nda derinlemesine rehberlik sunmakta, \u00f6\u011fretmenleri konuyu ke\u015ffetme konusunda desteklemekte ve bu konuda \u00f6\u011frencilerle demokratik diyalo\u011fu kolayla\u015ft\u0131rmaya haz\u0131r hale getirmektedir.<\/p>\n<p>DD@S e-\u00f6\u011frenme program\u0131n\u0131n 5 mod\u00fcl\u00fcn\u00fc de tamamlamaya karar vermeniz halinde sertifika alabilece\u011finizi l\u00fctfen unutmay\u0131n.<\/p>\n<p>[\/et_pb_text][\/et_pb_column][\/et_pb_row][et_pb_row column_structure=&#8221;1_3,2_3&#8243; _builder_version=&#8221;4.21.2&#8243; _module_preset=&#8221;default&#8221; border_width_bottom=&#8221;1px&#8221; border_color_bottom=&#8221;#6F277C&#8221; border_style_bottom=&#8221;dashed&#8221; global_colors_info=&#8221;{}&#8221;][et_pb_column type=&#8221;1_3&#8243; _builder_version=&#8221;4.21.2&#8243; _module_preset=&#8221;default&#8221; global_colors_info=&#8221;{}&#8221;][et_pb_text _builder_version=&#8221;4.23&#8243; _module_preset=&#8221;default&#8221; header_text_color=&#8221;#949e38&#8243; header_2_text_color=&#8221;#949e38&#8243; border_style_bottom=&#8221;dashed&#8221; global_colors_info=&#8221;{}&#8221;]<\/p>\n<h2>Bir veya daha fazla mod\u00fcl\u00fc tamamlad\u0131\u011f\u0131m i\u00e7in sertifika alabilir miyim?<\/h2>\n<p>[\/et_pb_text][\/et_pb_column][et_pb_column type=&#8221;2_3&#8243; _builder_version=&#8221;4.21.2&#8243; _module_preset=&#8221;default&#8221; global_colors_info=&#8221;{}&#8221;][et_pb_text _builder_version=&#8221;4.23&#8243; _module_preset=&#8221;default&#8221; border_style_bottom=&#8221;dashed&#8221; global_colors_info=&#8221;{}&#8221;]<\/p>\n<p>Oyunla\u015ft\u0131rma tabanl\u0131 \u00e7evrimi\u00e7i e\u011fitimin tamam\u0131n\u0131, 5 mod\u00fcl\u00fcn tamam\u0131n\u0131 tamamlad\u0131ktan sonra kat\u0131l\u0131m sertifikas\u0131 alabileceksiniz.<\/p>\n<p>[\/et_pb_text][\/et_pb_column][\/et_pb_row][et_pb_row column_structure=&#8221;1_3,2_3&#8243; _builder_version=&#8221;4.21.2&#8243; _module_preset=&#8221;default&#8221; border_width_bottom=&#8221;1px&#8221; border_color_bottom=&#8221;#6F277C&#8221; border_style_bottom=&#8221;dashed&#8221; global_colors_info=&#8221;{}&#8221;][et_pb_column type=&#8221;1_3&#8243; _builder_version=&#8221;4.21.2&#8243; _module_preset=&#8221;default&#8221; global_colors_info=&#8221;{}&#8221;][et_pb_text _builder_version=&#8221;4.23&#8243; _module_preset=&#8221;default&#8221; header_text_color=&#8221;#949e38&#8243; header_2_text_color=&#8221;#949e38&#8243; border_style_bottom=&#8221;dashed&#8221; global_colors_info=&#8221;{}&#8221;]<\/p>\n<h2>\u0130\u00e7erikler, aktiviteler ve ders notlar\u0131 \u00f6zel cihazlara indirilebilir mi?<\/h2>\n<p>[\/et_pb_text][\/et_pb_column][et_pb_column type=&#8221;2_3&#8243; _builder_version=&#8221;4.21.2&#8243; _module_preset=&#8221;default&#8221; global_colors_info=&#8221;{}&#8221;][et_pb_text _builder_version=&#8221;4.23&#8243; _module_preset=&#8221;default&#8221; border_style_bottom=&#8221;dashed&#8221; global_colors_info=&#8221;{}&#8221;]<\/p>\n<p>Evet, her mod\u00fcl\u00fcn sonunda mod\u00fclde yer alan t\u00fcm materyalleri i\u00e7eren bir klas\u00f6r indirebileceksiniz, b\u00f6ylece bunlara PDF format\u0131nda eri\u015febileceksiniz. Yine de, mod\u00fcllerin oyunla\u015ft\u0131rma tabanl\u0131 bir \u00e7evrimi\u00e7i e\u011fitimin par\u00e7as\u0131 olarak tasarland\u0131\u011f\u0131n\u0131n ve dolay\u0131s\u0131yla oyunla\u015ft\u0131rma \u00f6\u011felerine \u00e7evrimd\u0131\u015f\u0131 olarak eri\u015filemeyece\u011finin alt\u0131n\u0131 \u00e7izmek isteriz.<\/p>\n<p>[\/et_pb_text][\/et_pb_column][\/et_pb_row][et_pb_row column_structure=&#8221;1_3,2_3&#8243; _builder_version=&#8221;4.21.2&#8243; _module_preset=&#8221;default&#8221; border_width_bottom=&#8221;1px&#8221; border_color_bottom=&#8221;#6F277C&#8221; border_style_bottom=&#8221;dashed&#8221; global_colors_info=&#8221;{}&#8221;][et_pb_column type=&#8221;1_3&#8243; _builder_version=&#8221;4.21.2&#8243; _module_preset=&#8221;default&#8221; global_colors_info=&#8221;{}&#8221;][et_pb_text _builder_version=&#8221;4.23&#8243; _module_preset=&#8221;default&#8221; header_text_color=&#8221;#949e38&#8243; header_2_text_color=&#8221;#949e38&#8243; border_style_bottom=&#8221;dashed&#8221; global_colors_info=&#8221;{}&#8221;]<\/p>\n<h2>E-\u00f6\u011frenmeye kald\u0131\u011f\u0131m yerden devam edebilir miyim yoksa t\u00fcm verileri kaybeder miyim?<\/h2>\n<p>[\/et_pb_text][\/et_pb_column][et_pb_column type=&#8221;2_3&#8243; _builder_version=&#8221;4.21.2&#8243; _module_preset=&#8221;default&#8221; global_colors_info=&#8221;{}&#8221;][et_pb_text _builder_version=&#8221;4.23&#8243; _module_preset=&#8221;default&#8221; border_style_bottom=&#8221;dashed&#8221; global_colors_info=&#8221;{}&#8221;]<\/p>\n<p>Elbette, kursu kendi h\u0131z\u0131n\u0131zda takip edebilir, zaman\u0131n\u0131z oldu\u011funda platformu kapat\u0131p yeniden eri\u015febilir ve kald\u0131\u011f\u0131n\u0131z yerden devam edebilirsiniz. Her mod\u00fcl i\u00e7in kaydedilen ilerleme y\u00fczdesini g\u00f6steren \u00e7ubuklar ve tam olarak nerede kald\u0131\u011f\u0131n\u0131z\u0131 hat\u0131rlatan semboller bulacaks\u0131n\u0131z.<\/p>\n<p>[\/et_pb_text][\/et_pb_column][\/et_pb_row][et_pb_row column_structure=&#8221;1_3,2_3&#8243; _builder_version=&#8221;4.21.2&#8243; _module_preset=&#8221;default&#8221; border_width_bottom=&#8221;1px&#8221; border_color_bottom=&#8221;#6F277C&#8221; border_style_bottom=&#8221;dashed&#8221; global_colors_info=&#8221;{}&#8221;][et_pb_column type=&#8221;1_3&#8243; _builder_version=&#8221;4.21.2&#8243; _module_preset=&#8221;default&#8221; global_colors_info=&#8221;{}&#8221;][et_pb_text _builder_version=&#8221;4.23&#8243; _module_preset=&#8221;default&#8221; header_text_color=&#8221;#949e38&#8243; header_2_text_color=&#8221;#949e38&#8243; border_style_bottom=&#8221;dashed&#8221; global_colors_info=&#8221;{}&#8221;]<\/p>\n<h2>E-\u00f6\u011frenimleri takip etmek i\u00e7in \u00f6deme yapmak zorunda m\u0131y\u0131m?<\/h2>\n<p>[\/et_pb_text][\/et_pb_column][et_pb_column type=&#8221;2_3&#8243; _builder_version=&#8221;4.21.2&#8243; _module_preset=&#8221;default&#8221; global_colors_info=&#8221;{}&#8221;][et_pb_text _builder_version=&#8221;4.23&#8243; _module_preset=&#8221;default&#8221; border_style_bottom=&#8221;dashed&#8221; global_colors_info=&#8221;{}&#8221;]<\/p>\n<p>Kesinlikle hay\u0131r. DD@S e\u011fitimi tamamen \u00fccretsizdir ve t\u00fcm i\u00e7erikler Creative Commons Attribution kapsam\u0131ndad\u0131r.<\/p>\n<p>[\/et_pb_text][\/et_pb_column][\/et_pb_row][et_pb_row column_structure=&#8221;1_3,2_3&#8243; _builder_version=&#8221;4.21.2&#8243; _module_preset=&#8221;default&#8221; border_width_bottom=&#8221;1px&#8221; border_color_bottom=&#8221;#6F277C&#8221; border_style_bottom=&#8221;dashed&#8221; global_colors_info=&#8221;{}&#8221;][et_pb_column type=&#8221;1_3&#8243; _builder_version=&#8221;4.21.2&#8243; _module_preset=&#8221;default&#8221; global_colors_info=&#8221;{}&#8221;][et_pb_text _builder_version=&#8221;4.23&#8243; _module_preset=&#8221;default&#8221; header_text_color=&#8221;#949e38&#8243; header_2_text_color=&#8221;#949e38&#8243; border_style_bottom=&#8221;dashed&#8221; global_colors_info=&#8221;{}&#8221;]<\/p>\n<h2>E-\u00f6\u011frenimleri takip etmek i\u00e7in hangi yaz\u0131l\u0131ma ihtiyac\u0131m var?<\/h2>\n<p>[\/et_pb_text][\/et_pb_column][et_pb_column type=&#8221;2_3&#8243; _builder_version=&#8221;4.21.2&#8243; _module_preset=&#8221;default&#8221; global_colors_info=&#8221;{}&#8221;][et_pb_text _builder_version=&#8221;4.23&#8243; _module_preset=&#8221;default&#8221; border_style_bottom=&#8221;dashed&#8221; global_colors_info=&#8221;{}&#8221;]<\/p>\n<p>Platforma herhangi bir \u00f6zel yaz\u0131l\u0131m veya uygulama indirmeden do\u011frudan taray\u0131c\u0131n\u0131zdan (Chrome, Microsoft Edge, Mozilla Firefox, Safari) eri\u015febilirsiniz.<\/p>\n<p>[\/et_pb_text][\/et_pb_column][\/et_pb_row][et_pb_row column_structure=&#8221;1_3,2_3&#8243; _builder_version=&#8221;4.21.2&#8243; _module_preset=&#8221;default&#8221; border_width_bottom=&#8221;1px&#8221; border_color_bottom=&#8221;#6F277C&#8221; border_style_bottom=&#8221;dashed&#8221; global_colors_info=&#8221;{}&#8221;][et_pb_column type=&#8221;1_3&#8243; _builder_version=&#8221;4.21.2&#8243; _module_preset=&#8221;default&#8221; global_colors_info=&#8221;{}&#8221;][et_pb_text _builder_version=&#8221;4.23&#8243; _module_preset=&#8221;default&#8221; header_text_color=&#8221;#949e38&#8243; header_2_text_color=&#8221;#949e38&#8243; border_style_bottom=&#8221;dashed&#8221; global_colors_info=&#8221;{}&#8221;]<\/p>\n<h2>Cevaplar\u0131m ba\u015fkalar\u0131 taraf\u0131ndan da g\u00f6r\u00fclebilir mi?<\/h2>\n<p>[\/et_pb_text][\/et_pb_column][et_pb_column type=&#8221;2_3&#8243; _builder_version=&#8221;4.21.2&#8243; _module_preset=&#8221;default&#8221; global_colors_info=&#8221;{}&#8221;][et_pb_text _builder_version=&#8221;4.23&#8243; _module_preset=&#8221;default&#8221; border_style_bottom=&#8221;dashed&#8221; global_colors_info=&#8221;{}&#8221;]<\/p>\n<p>Hay\u0131r, kay\u0131t oldu\u011funuzda, giri\u015f i\u00e7in ki\u015fisel kimlik bilgilerinizi alacaks\u0131n\u0131z, b\u00f6ylece kendi profilinizle eri\u015febileceksiniz ve ilerlemeniz, cevaplar\u0131n\u0131z ve etkinlikleriniz sadece size g\u00f6r\u00fcn\u00fcr olacak.<\/p>\n<p>[\/et_pb_text][\/et_pb_column][\/et_pb_row][et_pb_row column_structure=&#8221;1_3,2_3&#8243; _builder_version=&#8221;4.21.2&#8243; _module_preset=&#8221;default&#8221; border_width_bottom=&#8221;1px&#8221; border_color_bottom=&#8221;#6F277C&#8221; border_style_bottom=&#8221;dashed&#8221; global_colors_info=&#8221;{}&#8221;][et_pb_column type=&#8221;1_3&#8243; _builder_version=&#8221;4.21.2&#8243; _module_preset=&#8221;default&#8221; global_colors_info=&#8221;{}&#8221;][et_pb_text _builder_version=&#8221;4.23&#8243; _module_preset=&#8221;default&#8221; header_text_color=&#8221;#949e38&#8243; header_2_text_color=&#8221;#949e38&#8243; border_style_bottom=&#8221;dashed&#8221; global_colors_info=&#8221;{}&#8221;]<\/p>\n<h2>Bu e-\u00f6\u011frenmeden metin par\u00e7alar\u0131n\u0131 kopyalayabilir miyim?<\/h2>\n<p>[\/et_pb_text][\/et_pb_column][et_pb_column type=&#8221;2_3&#8243; _builder_version=&#8221;4.21.2&#8243; _module_preset=&#8221;default&#8221; global_colors_info=&#8221;{}&#8221;][et_pb_text _builder_version=&#8221;4.23&#8243; _module_preset=&#8221;default&#8221; border_style_bottom=&#8221;dashed&#8221; global_colors_info=&#8221;{}&#8221;]<\/p>\n<p>Evet, t\u00fcm i\u00e7erikler Creative Commons Attribution alt\u0131ndad\u0131r ve okulunuzda demokratik diyalo\u011fu te\u015fvik etmek i\u00e7in sa\u011flanan materyalleri g\u00fcnl\u00fck uygulamalar\u0131n\u0131zda kullanman\u0131z\u0131 \u00f6neririz!<\/p>\n<p>[\/et_pb_text][\/et_pb_column][\/et_pb_row][\/et_pb_section]<\/p>\n","protected":false},"excerpt":{"rendered":"<p>E-\u00f6\u011frenme mod\u00fcllerini takip etmek zorunlu mu?Hay\u0131r, ilgilendi\u011finiz herhangi bir mod\u00fcle kaydolabilir ve ke\u015ffedebilirsiniz. Bununla birlikte, di\u011fer 4 mod\u00fcl\u00fc ke\u015ffetmeden \u00f6nce 0 mod\u00fcl\u00fcn\u00fc alman\u0131z\u0131 tavsiye ederiz, \u00e7\u00fcnk\u00fc bu mod\u00fcl okuldaki tart\u0131\u015fmal\u0131 konular\u0131 ele almak i\u00e7in demokratik diyalo\u011fa bir giri\u015f niteli\u011findedir ve bu t\u00fcr konular\u0131 olumlu pedagojik f\u0131rsatlara d\u00f6n\u00fc\u015ft\u00fcrme stratejilerini ara\u015ft\u0131rmaktad\u0131r. 1 ila 4 mod\u00fclleri ise s\u0131n\u0131fta [&hellip;]<\/p>\n","protected":false},"author":1,"featured_media":0,"parent":0,"menu_order":0,"comment_status":"closed","ping_status":"closed","template":"","meta":{"_acf_changed":false,"_et_pb_use_builder":"on","_et_pb_old_content":"","_et_gb_content_width":"","footnotes":""},"class_list":["post-2507","page","type-page","status-publish","hentry"],"acf":[],"_links":{"self":[{"href":"https:\/\/elearning.ddasproject.eu\/tr\/wp-json\/wp\/v2\/pages\/2507","targetHints":{"allow":["GET"]}}],"collection":[{"href":"https:\/\/elearning.ddasproject.eu\/tr\/wp-json\/wp\/v2\/pages"}],"about":[{"href":"https:\/\/elearning.ddasproject.eu\/tr\/wp-json\/wp\/v2\/types\/page"}],"author":[{"embeddable":true,"href":"https:\/\/elearning.ddasproject.eu\/tr\/wp-json\/wp\/v2\/users\/1"}],"replies":[{"embeddable":true,"href":"https:\/\/elearning.ddasproject.eu\/tr\/wp-json\/wp\/v2\/comments?post=2507"}],"version-history":[{"count":2,"href":"https:\/\/elearning.ddasproject.eu\/tr\/wp-json\/wp\/v2\/pages\/2507\/revisions"}],"predecessor-version":[{"id":7068,"href":"https:\/\/elearning.ddasproject.eu\/tr\/wp-json\/wp\/v2\/pages\/2507\/revisions\/7068"}],"wp:attachment":[{"href":"https:\/\/elearning.ddasproject.eu\/tr\/wp-json\/wp\/v2\/media?parent=2507"}],"curies":[{"name":"wp","href":"https:\/\/api.w.org\/{rel}","templated":true}]}}