{"id":2531,"date":"2023-10-30T10:05:08","date_gmt":"2023-10-30T10:05:08","guid":{"rendered":"https:\/\/elearning.ddasproject.eu\/gender-based-violence-at-school\/"},"modified":"2024-02-15T16:02:24","modified_gmt":"2024-02-15T16:02:24","slug":"gender-based-violence-at-school","status":"publish","type":"page","link":"https:\/\/elearning.ddasproject.eu\/it\/gender-based-violence-at-school\/","title":{"rendered":"Violenza di genere a scuola"},"content":{"rendered":"<p>[et_pb_section fb_built=&#8221;1&#8243; admin_label=&#8221;Doctors&#8221; _builder_version=&#8221;4.21.2&#8243; custom_padding=&#8221;0px||3px||false|false&#8221; locked=&#8221;off&#8221; global_colors_info=&#8221;{}&#8221;][et_pb_row padding_top_bottom_link_1=&#8221;true&#8221; padding_left_right_link_1=&#8221;true&#8221; _builder_version=&#8221;4.21.2&#8243; background_enable_color=&#8221;off&#8221; use_background_color_gradient=&#8221;on&#8221; background_color_gradient_direction=&#8221;140deg&#8221; background_color_gradient_stops=&#8221;#70277d 0%|rgba(112,39,125,0.55) 100%&#8221; background_color_gradient_start=&#8221;#62de9d&#8221; custom_margin=&#8221;0px||60px||false|false&#8221; custom_padding=&#8221;100px|30px|100px|30px|true|true&#8221; animation_style=&#8221;flip&#8221; border_radii=&#8221;|60px||60px|&#8221; box_shadow_style=&#8221;preset3&#8243; box_shadow_vertical=&#8221;45px&#8221; box_shadow_blur=&#8221;42px&#8221; box_shadow_spread=&#8221;-26px&#8221; box_shadow_color=&#8221;rgba(112,39,125,0.59)&#8221; locked=&#8221;off&#8221; global_colors_info=&#8221;{}&#8221;][et_pb_column type=&#8221;4_4&#8243; _builder_version=&#8221;4.16&#8243; custom_padding=&#8221;|||&#8221; global_colors_info=&#8221;{}&#8221; custom_padding__hover=&#8221;|||&#8221;][et_pb_post_title meta=&#8221;off&#8221; featured_image=&#8221;off&#8221; _builder_version=&#8221;4.21.2&#8243; _module_preset=&#8221;default&#8221; title_level=&#8221;h2&#8243; title_font=&#8221;Roboto|700|||||||&#8221; title_text_align=&#8221;center&#8221; title_text_color=&#8221;#FFFFFF&#8221; title_font_size=&#8221;30px&#8221; global_colors_info=&#8221;{}&#8221; title_2_font_size_tablet=&#8221;30px&#8221; title_2_font_size_phone=&#8221;22px&#8221; title_2_font_size_last_edited=&#8221;on|phone&#8221;][\/et_pb_post_title][\/et_pb_column][\/et_pb_row][\/et_pb_section][et_pb_section fb_built=&#8221;1&#8243; _builder_version=&#8221;4.21.2&#8243; _module_preset=&#8221;default&#8221; global_colors_info=&#8221;{}&#8221;][et_pb_row _builder_version=&#8221;4.21.2&#8243; _module_preset=&#8221;default&#8221; global_colors_info=&#8221;{}&#8221;][et_pb_column type=&#8221;4_4&#8243; _builder_version=&#8221;4.21.2&#8243; _module_preset=&#8221;default&#8221; global_colors_info=&#8221;{}&#8221;][et_pb_text _builder_version=&#8221;4.23.2&#8243; _module_preset=&#8221;default&#8221; header_3_text_color=&#8221;#6F277C&#8221; border_style_bottom=&#8221;dashed&#8221; global_colors_info=&#8221;{}&#8221;]<\/p>\n<h3><b>Un\u2019attivit\u00e0 basata su degli scenari per aiutare le insegnanti a comprendere diversi concetti legati al genere <\/b><\/h3>\n<p>Un\u2019attivit\u00e0 basata su degli scenari per aiutare le insegnanti a comprendere diversi concetti legati al genere, agli stereotipi e alle violenze ad esse connesse che possono verificarsi a scuola.<\/p>\n<ul><\/ul>\n<p>[\/et_pb_text][\/et_pb_column][\/et_pb_row][et_pb_row _builder_version=&#8221;4.21.2&#8243; _module_preset=&#8221;default&#8221; global_colors_info=&#8221;{}&#8221;][et_pb_column type=&#8221;4_4&#8243; _builder_version=&#8221;4.21.2&#8243; _module_preset=&#8221;default&#8221; global_colors_info=&#8221;{}&#8221;][et_pb_text _builder_version=&#8221;4.23.2&#8243; _module_preset=&#8221;default&#8221; header_text_color=&#8221;#949e38&#8243; header_2_text_color=&#8221;#949e38&#8243; border_style_bottom=&#8221;dashed&#8221; global_colors_info=&#8221;{}&#8221;]<\/p>\n<h2>Obiettivi<\/h2>\n<p>[\/et_pb_text][\/et_pb_column][\/et_pb_row][et_pb_row column_structure=&#8221;1_3,1_3,1_3&#8243; _builder_version=&#8221;4.21.2&#8243; _module_preset=&#8221;default&#8221; global_colors_info=&#8221;{}&#8221;][et_pb_column type=&#8221;1_3&#8243; _builder_version=&#8221;4.21.2&#8243; _module_preset=&#8221;default&#8221; global_colors_info=&#8221;{}&#8221;][et_pb_blurb use_icon=&#8221;on&#8221; font_icon=&#8221;&#x3d;||divi||400&#8243; icon_color=&#8221;#949e38&#8243; icon_placement=&#8221;left&#8221; _builder_version=&#8221;4.23&#8243; _module_preset=&#8221;default&#8221; global_colors_info=&#8221;{}&#8221;]<\/p>\n<p><span style=\"font-weight: 400;\">Imparare a conoscere meglio alcuni concetti, gli stereotipi e la violenza di genere a scuola nelle sue diverse manifestazioni<\/span><\/p>\n<p>[\/et_pb_blurb][\/et_pb_column][et_pb_column type=&#8221;1_3&#8243; _builder_version=&#8221;4.21.2&#8243; _module_preset=&#8221;default&#8221; global_colors_info=&#8221;{}&#8221;][et_pb_blurb use_icon=&#8221;on&#8221; font_icon=&#8221;&#x3d;||divi||400&#8243; icon_color=&#8221;#949e38&#8243; icon_placement=&#8221;left&#8221; _builder_version=&#8221;4.23.2&#8243; _module_preset=&#8221;default&#8221; global_colors_info=&#8221;{}&#8221;]<\/p>\n<p><span style=\"font-weight: 400;\">Provare empatia verso le persone che la vivono in prima persona<\/span><\/p>\n<p>[\/et_pb_blurb][\/et_pb_column][et_pb_column type=&#8221;1_3&#8243; _builder_version=&#8221;4.21.2&#8243; _module_preset=&#8221;default&#8221; global_colors_info=&#8221;{}&#8221;][et_pb_blurb use_icon=&#8221;on&#8221; font_icon=&#8221;&#x3d;||divi||400&#8243; icon_color=&#8221;#949e38&#8243; icon_placement=&#8221;left&#8221; _builder_version=&#8221;4.23.2&#8243; _module_preset=&#8221;default&#8221; global_colors_info=&#8221;{}&#8221;]<\/p>\n<p><span style=\"font-weight: 400;\">Parlare di modi per combattere, in qualit\u00e0 di insegnante, gli atteggiamenti e i comportamenti violenti a scuola.<\/span><\/p>\n<p>[\/et_pb_blurb][\/et_pb_column][\/et_pb_row][et_pb_row column_structure=&#8221;1_3,2_3&#8243; _builder_version=&#8221;4.21.2&#8243; _module_preset=&#8221;default&#8221; global_colors_info=&#8221;{}&#8221;][et_pb_column type=&#8221;1_3&#8243; _builder_version=&#8221;4.21.2&#8243; _module_preset=&#8221;default&#8221; global_colors_info=&#8221;{}&#8221;][et_pb_text _builder_version=&#8221;4.23.2&#8243; _module_preset=&#8221;default&#8221; header_text_color=&#8221;#949e38&#8243; header_2_text_color=&#8221;#949e38&#8243; border_style_bottom=&#8221;dashed&#8221; global_colors_info=&#8221;{}&#8221;]<\/p>\n<h2><b>Durata<\/b><\/h2>\n<p>&nbsp;<\/p>\n<p>[\/et_pb_text][\/et_pb_column][et_pb_column type=&#8221;2_3&#8243; _builder_version=&#8221;4.21.2&#8243; _module_preset=&#8221;default&#8221; global_colors_info=&#8221;{}&#8221;][et_pb_text _builder_version=&#8221;4.23.2&#8243; _module_preset=&#8221;default&#8221; border_style_bottom=&#8221;dashed&#8221; global_colors_info=&#8221;{}&#8221;]<\/p>\n<p>60 minuti<\/p>\n<p>&nbsp;<\/p>\n<p>[\/et_pb_text][\/et_pb_column][\/et_pb_row][et_pb_row column_structure=&#8221;1_3,2_3&#8243; _builder_version=&#8221;4.21.2&#8243; _module_preset=&#8221;default&#8221; global_colors_info=&#8221;{}&#8221;][et_pb_column type=&#8221;1_3&#8243; _builder_version=&#8221;4.21.2&#8243; _module_preset=&#8221;default&#8221; global_colors_info=&#8221;{}&#8221;][et_pb_text _builder_version=&#8221;4.23.2&#8243; _module_preset=&#8221;default&#8221; header_text_color=&#8221;#949e38&#8243; header_2_text_color=&#8221;#949e38&#8243; border_style_bottom=&#8221;dashed&#8221; global_colors_info=&#8221;{}&#8221;]<\/p>\n<h2><b>Facilitatore e gruppo target<\/b><\/h2>\n<p>[\/et_pb_text][\/et_pb_column][et_pb_column type=&#8221;2_3&#8243; _builder_version=&#8221;4.21.2&#8243; _module_preset=&#8221;default&#8221; global_colors_info=&#8221;{}&#8221;][et_pb_text _builder_version=&#8221;4.23.2&#8243; _module_preset=&#8221;default&#8221; border_style_bottom=&#8221;dashed&#8221; global_colors_info=&#8221;{}&#8221;]<\/p>\n<p><span style=\"font-weight: 400;\">Facilitator\u025c: Uno o due formator\u025c<\/span><\/p>\n<p><span style=\"font-weight: 400;\">Gruppo target: insegnanti\/personale scolastico<\/span><\/p>\n<p>[\/et_pb_text][\/et_pb_column][\/et_pb_row][et_pb_row column_structure=&#8221;1_3,2_3&#8243; _builder_version=&#8221;4.21.2&#8243; _module_preset=&#8221;default&#8221; global_colors_info=&#8221;{}&#8221;][et_pb_column type=&#8221;1_3&#8243; _builder_version=&#8221;4.21.2&#8243; _module_preset=&#8221;default&#8221; global_colors_info=&#8221;{}&#8221;][et_pb_text _builder_version=&#8221;4.23.2&#8243; _module_preset=&#8221;default&#8221; header_text_color=&#8221;#949e38&#8243; header_2_text_color=&#8221;#949e38&#8243; border_style_bottom=&#8221;dashed&#8221; global_colors_info=&#8221;{}&#8221;]<\/p>\n<h2><b>Preparazione per l\u2019insegnante<\/b><\/h2>\n<p>[\/et_pb_text][\/et_pb_column][et_pb_column type=&#8221;2_3&#8243; _builder_version=&#8221;4.21.2&#8243; _module_preset=&#8221;default&#8221; global_colors_info=&#8221;{}&#8221;][et_pb_text _builder_version=&#8221;4.23&#8243; _module_preset=&#8221;default&#8221; link_font=&#8221;||||on||||&#8221; border_style_bottom=&#8221;dashed&#8221; global_colors_info=&#8221;{}&#8221;]<\/p>\n<p><span style=\"font-weight: 400;\">Stampa gli scenari riportati sulla dispensa.\u00a0<\/span><\/p>\n<p><span style=\"font-weight: 400;\">Spiega all\u025c partecipanti che l\u2019attivit\u00e0 permetter\u00e0 loro di comprendere alcuni concetti relativi all\u2019identit\u00e0 di genere e di metterli in relazione con gli stereotipi e gli incidenti che possono verificarsi a scuola prendendo in esame alcuni scenari. L\u2019obiettivo \u00e8 quello di capire come nasce la violenza, come pu\u00f2 influire sulle esperienze delle persone, nonch\u00e9 come si pu\u00f2 reagire a questi episodi. <\/span><\/p>\n<p>[\/et_pb_text][\/et_pb_column][\/et_pb_row][et_pb_row _builder_version=&#8221;4.21.2&#8243; _module_preset=&#8221;default&#8221; global_colors_info=&#8221;{}&#8221;][et_pb_column type=&#8221;4_4&#8243; _builder_version=&#8221;4.21.2&#8243; _module_preset=&#8221;default&#8221; global_colors_info=&#8221;{}&#8221;][et_pb_text _builder_version=&#8221;4.23.2&#8243; _module_preset=&#8221;default&#8221; header_text_color=&#8221;#949e38&#8243; header_2_text_color=&#8221;#949e38&#8243; border_style_bottom=&#8221;dashed&#8221; global_colors_info=&#8221;{}&#8221;]<\/p>\n<h2><b>Istruzioni<\/b><\/h2>\n<p>[\/et_pb_text][\/et_pb_column][\/et_pb_row][et_pb_row column_structure=&#8221;1_4,3_4&#8243; _builder_version=&#8221;4.21.2&#8243; _module_preset=&#8221;default&#8221; custom_padding=&#8221;0px|||||&#8221; global_colors_info=&#8221;{}&#8221;][et_pb_column type=&#8221;1_4&#8243; _builder_version=&#8221;4.21.2&#8243; _module_preset=&#8221;default&#8221; global_colors_info=&#8221;{}&#8221;][et_pb_text _builder_version=&#8221;4.23&#8243; _module_preset=&#8221;default&#8221; header_font=&#8221;|800|||||||&#8221; header_text_align=&#8221;center&#8221; header_text_color=&#8221;#E09900&#8243; header_font_size=&#8221;25px&#8221; border_style_bottom=&#8221;dashed&#8221; global_colors_info=&#8221;{}&#8221;]<\/p>\n<h1><strong>1.<\/strong><\/h1>\n<p>[\/et_pb_text][\/et_pb_column][et_pb_column type=&#8221;3_4&#8243; _builder_version=&#8221;4.21.2&#8243; _module_preset=&#8221;default&#8221; global_colors_info=&#8221;{}&#8221;][et_pb_text _builder_version=&#8221;4.23&#8243; _module_preset=&#8221;default&#8221; custom_padding=&#8221;||20px||false|false&#8221; border_width_bottom=&#8221;1px&#8221; border_color_bottom=&#8221;#949e38&#8243; border_style_bottom=&#8221;dashed&#8221; global_colors_info=&#8221;{}&#8221;]<\/p>\n<p><span style=\"font-weight: 400;\">Forma delle coppie di partecipanti, quindi chiedi loro di selezionare alcuni scenari e di distribuirne uno a ciascun gruppo.<\/span><\/p>\n<p>[\/et_pb_text][\/et_pb_column][\/et_pb_row][et_pb_row column_structure=&#8221;1_4,3_4&#8243; _builder_version=&#8221;4.21.2&#8243; _module_preset=&#8221;default&#8221; custom_padding=&#8221;0px|||||&#8221; global_colors_info=&#8221;{}&#8221;][et_pb_column type=&#8221;1_4&#8243; _builder_version=&#8221;4.21.2&#8243; _module_preset=&#8221;default&#8221; global_colors_info=&#8221;{}&#8221;][et_pb_text _builder_version=&#8221;4.23&#8243; _module_preset=&#8221;default&#8221; header_font=&#8221;|800|||||||&#8221; header_text_align=&#8221;center&#8221; header_text_color=&#8221;#E09900&#8243; header_font_size=&#8221;25px&#8221; border_style_bottom=&#8221;dashed&#8221; global_colors_info=&#8221;{}&#8221;]<\/p>\n<h1><strong>2.<\/strong><\/h1>\n<p>[\/et_pb_text][\/et_pb_column][et_pb_column type=&#8221;3_4&#8243; _builder_version=&#8221;4.21.2&#8243; _module_preset=&#8221;default&#8221; global_colors_info=&#8221;{}&#8221;][et_pb_text ol_type=&#8221;lower-latin&#8221; _builder_version=&#8221;4.23&#8243; _module_preset=&#8221;default&#8221; custom_padding=&#8221;||20px||false|false&#8221; border_width_bottom=&#8221;1px&#8221; border_color_bottom=&#8221;#949e38&#8243; border_style_bottom=&#8221;dashed&#8221; global_colors_info=&#8221;{}&#8221;]<\/p>\n<ol>\n<li style=\"font-weight: 400;\" aria-level=\"1\"><span style=\"font-weight: 400;\">Chiedi ai gruppi di parlare degli scenari esprimendo, un\u0259 alla volta, le loro opinioni rispondendo alle seguenti domande:\u00a0<\/span><\/li>\n<\/ol>\n<ol>\n<li style=\"font-weight: 400;\" aria-level=\"1\"><span style=\"font-weight: 400;\">Quali aspetti legati alla categoria di genere sono coinvolti in questo scenario? Sapresti dire in base allo scenario quale sesso \u00e8 stato assegnato alla nascita, quale identit\u00e0 di genere, quale orientamento sessuale e quale espressione di genere presentano i personaggi?\u00a0<\/span><\/li>\n<li style=\"font-weight: 400;\" aria-level=\"1\"><span style=\"font-weight: 400;\">Sei consapevole del fatto che un episodio simile potrebbe verificarsi nella tua scuola?<\/span><\/li>\n<li style=\"font-weight: 400;\" aria-level=\"1\"><span style=\"font-weight: 400;\">Che cosa provi al riguardo?<\/span><\/li>\n<li style=\"font-weight: 400;\" aria-level=\"1\"><span style=\"font-weight: 400;\">Come pensi si sentano le persone coinvolte?<\/span><\/li>\n<li style=\"font-weight: 400;\" aria-level=\"1\"><span style=\"font-weight: 400;\">Che cosa faresti in questa situazione?<\/span><\/li>\n<li style=\"font-weight: 400;\" aria-level=\"1\"><span style=\"font-weight: 400;\">Che cosa si potrebbe fare per evitare che si verifichino questo tipo di episodi?\u00a0<\/span><\/li>\n<\/ol>\n<p>[\/et_pb_text][\/et_pb_column][\/et_pb_row][et_pb_row column_structure=&#8221;1_4,3_4&#8243; _builder_version=&#8221;4.21.2&#8243; _module_preset=&#8221;default&#8221; custom_padding=&#8221;0px|||||&#8221; global_colors_info=&#8221;{}&#8221;][et_pb_column type=&#8221;1_4&#8243; _builder_version=&#8221;4.21.2&#8243; _module_preset=&#8221;default&#8221; global_colors_info=&#8221;{}&#8221;][et_pb_text _builder_version=&#8221;4.23&#8243; _module_preset=&#8221;default&#8221; header_font=&#8221;|800|||||||&#8221; header_text_align=&#8221;center&#8221; header_text_color=&#8221;#E09900&#8243; header_font_size=&#8221;25px&#8221; border_style_bottom=&#8221;dashed&#8221; global_colors_info=&#8221;{}&#8221;]<\/p>\n<h1><strong>3.<\/strong><\/h1>\n<p>[\/et_pb_text][\/et_pb_column][et_pb_column type=&#8221;3_4&#8243; _builder_version=&#8221;4.21.2&#8243; _module_preset=&#8221;default&#8221; global_colors_info=&#8221;{}&#8221;][et_pb_text ol_type=&#8221;lower-latin&#8221; _builder_version=&#8221;4.23.2&#8243; _module_preset=&#8221;default&#8221; custom_padding=&#8221;||20px||false|false&#8221; border_width_bottom=&#8221;1px&#8221; border_color_bottom=&#8221;#949e38&#8243; border_style_bottom=&#8221;dashed&#8221; global_colors_info=&#8221;{}&#8221;]<\/p>\n<p>Ogni gruppo dovr\u00e0 presentare lo scenario e le idee elaborate al resto dell\u025c partecipanti.<\/p>\n<p>[\/et_pb_text][\/et_pb_column][\/et_pb_row][et_pb_row column_structure=&#8221;1_4,3_4&#8243; _builder_version=&#8221;4.21.2&#8243; _module_preset=&#8221;default&#8221; custom_padding=&#8221;0px|||||&#8221; global_colors_info=&#8221;{}&#8221;][et_pb_column type=&#8221;1_4&#8243; _builder_version=&#8221;4.21.2&#8243; _module_preset=&#8221;default&#8221; global_colors_info=&#8221;{}&#8221;][et_pb_text _builder_version=&#8221;4.23&#8243; _module_preset=&#8221;default&#8221; header_font=&#8221;|800|||||||&#8221; header_text_align=&#8221;center&#8221; header_text_color=&#8221;#E09900&#8243; header_font_size=&#8221;25px&#8221; border_style_bottom=&#8221;dashed&#8221; global_colors_info=&#8221;{}&#8221;]<\/p>\n<h1><strong>4.<\/strong><\/h1>\n<p>[\/et_pb_text][\/et_pb_column][et_pb_column type=&#8221;3_4&#8243; _builder_version=&#8221;4.21.2&#8243; _module_preset=&#8221;default&#8221; global_colors_info=&#8221;{}&#8221;][et_pb_text ol_type=&#8221;lower-latin&#8221; _builder_version=&#8221;4.23&#8243; _module_preset=&#8221;default&#8221; custom_padding=&#8221;||20px||false|false&#8221; border_width_bottom=&#8221;1px&#8221; border_color_bottom=&#8221;#949e38&#8243; border_style_bottom=&#8221;dashed&#8221; global_colors_info=&#8221;{}&#8221;]<\/p>\n<p><span style=\"font-weight: 400;\">Il gruppo discute dei principi su cui dovrebbero basarsi i regolamenti scolastici allo scopo di renderli pi\u00f9 inclusivi per prevenire e combattere gli stereotipi e la violenza di genere.<\/span><\/p>\n<p>[\/et_pb_text][\/et_pb_column][\/et_pb_row][et_pb_row column_structure=&#8221;1_4,3_4&#8243; _builder_version=&#8221;4.21.2&#8243; _module_preset=&#8221;default&#8221; custom_padding=&#8221;0px|||||&#8221; global_colors_info=&#8221;{}&#8221;][et_pb_column type=&#8221;1_4&#8243; _builder_version=&#8221;4.21.2&#8243; _module_preset=&#8221;default&#8221; global_colors_info=&#8221;{}&#8221;][et_pb_text _builder_version=&#8221;4.23&#8243; _module_preset=&#8221;default&#8221; header_font=&#8221;|800|||||||&#8221; header_text_align=&#8221;center&#8221; header_text_color=&#8221;#E09900&#8243; header_font_size=&#8221;25px&#8221; border_style_bottom=&#8221;dashed&#8221; global_colors_info=&#8221;{}&#8221;]<\/p>\n<h1><strong>5.<\/strong><\/h1>\n<p>[\/et_pb_text][\/et_pb_column][et_pb_column type=&#8221;3_4&#8243; _builder_version=&#8221;4.21.2&#8243; _module_preset=&#8221;default&#8221; global_colors_info=&#8221;{}&#8221;][et_pb_text ol_type=&#8221;lower-latin&#8221; _builder_version=&#8221;4.23&#8243; _module_preset=&#8221;default&#8221; custom_padding=&#8221;||20px||false|false&#8221; border_width_bottom=&#8221;1px&#8221; border_color_bottom=&#8221;#949e38&#8243; border_style_bottom=&#8221;dashed&#8221; global_colors_info=&#8221;{}&#8221;]<\/p>\n<p><span style=\"font-weight: 400;\">Incoraggia tutt\u025c l\u025c partecipanti ad esprimere la loro opinione in merito a quanto prodotto dagli altri. Chiedi all\u025c partecipanti di riflettere e rispondere ai seguenti quesiti: La vostra opinione \u00e8 cambiata durante l\u2019attivit\u00e0? Siete riuscit\u025c a trovare degli spunti interessanti?<\/span><\/p>\n<ol><\/ol>\n<p>[\/et_pb_text][\/et_pb_column][\/et_pb_row][et_pb_row column_structure=&#8221;1_3,2_3&#8243; _builder_version=&#8221;4.21.2&#8243; _module_preset=&#8221;default&#8221; locked=&#8221;off&#8221; global_colors_info=&#8221;{}&#8221;][et_pb_column type=&#8221;1_3&#8243; _builder_version=&#8221;4.21.2&#8243; _module_preset=&#8221;default&#8221; global_colors_info=&#8221;{}&#8221;][et_pb_text _builder_version=&#8221;4.23.2&#8243; _module_preset=&#8221;default&#8221; header_text_color=&#8221;#949e38&#8243; header_2_text_color=&#8221;#949e38&#8243; border_style_bottom=&#8221;dashed&#8221; global_colors_info=&#8221;{}&#8221;]<\/p>\n<h2><b>Riflessione e valutazione<\/b><\/h2>\n<p>&nbsp;<\/p>\n<p>[\/et_pb_text][\/et_pb_column][et_pb_column type=&#8221;2_3&#8243; _builder_version=&#8221;4.21.2&#8243; _module_preset=&#8221;default&#8221; global_colors_info=&#8221;{}&#8221;][et_pb_text _builder_version=&#8221;4.23&#8243; _module_preset=&#8221;default&#8221; link_font=&#8221;||||on||||&#8221; border_style_bottom=&#8221;dashed&#8221; global_colors_info=&#8221;{}&#8221;]<\/p>\n<p><span style=\"font-weight: 400;\">Prendi degli appunti per creare delle linee guida e buone pratiche per prevenire e reagire ad episodi simili legati alle discriminazioni di genere a scuola. <\/span><\/p>\n<p>[\/et_pb_text][\/et_pb_column][\/et_pb_row][et_pb_row column_structure=&#8221;1_3,2_3&#8243; _builder_version=&#8221;4.21.2&#8243; _module_preset=&#8221;default&#8221; locked=&#8221;off&#8221; global_colors_info=&#8221;{}&#8221;][et_pb_column type=&#8221;1_3&#8243; _builder_version=&#8221;4.21.2&#8243; _module_preset=&#8221;default&#8221; global_colors_info=&#8221;{}&#8221;][et_pb_text _builder_version=&#8221;4.23.2&#8243; _module_preset=&#8221;default&#8221; header_text_color=&#8221;#949e38&#8243; header_2_text_color=&#8221;#949e38&#8243; border_style_bottom=&#8221;dashed&#8221; global_colors_info=&#8221;{}&#8221;]<\/p>\n<h2><b>Fonti:<\/b><\/h2>\n<p>[\/et_pb_text][\/et_pb_column][et_pb_column type=&#8221;2_3&#8243; _builder_version=&#8221;4.21.2&#8243; _module_preset=&#8221;default&#8221; global_colors_info=&#8221;{}&#8221;][et_pb_text _builder_version=&#8221;4.23&#8243; _module_preset=&#8221;default&#8221; link_font=&#8221;||||on||||&#8221; border_style_bottom=&#8221;dashed&#8221; global_colors_info=&#8221;{}&#8221;]<\/p>\n<ul>\n<li style=\"font-weight: 400;\" aria-level=\"1\"><span style=\"font-weight: 400;\">Erasmus+ project \u201cFREE from gender-based discrimination: Teachers and parents together (2019-1-UK01-KA201-062092) <\/span><a href=\"https:\/\/www.projectfree.eu\/\" target=\"_blank\" rel=\"noopener\"><span style=\"font-weight: 400;\">https:\/\/www.projectfree.eu<\/span><\/a><span style=\"font-weight: 400;\">\u00a0\u00a0<\/span><\/li>\n<li style=\"font-weight: 400;\" aria-level=\"1\"><span style=\"font-weight: 400;\">Council of Europe \u201cGender Matters\u201d: <\/span><span style=\"font-weight: 400;\"><a href=\"https:\/\/www.coe.int\/en\/web\/gender-matters\/activities\" target=\"_blank\" rel=\"noopener\">https:\/\/www.coe.int\/en\/web\/gender-matters\/activities<\/a><a href=\"https:\/\/www.coe.int\/en\/web\/gender-matters\/activities\"><\/a><\/span><\/li>\n<li style=\"font-weight: 400;\" aria-level=\"1\">YSAFE.NET: <a href=\"https:\/\/ysafe.net\/ippf\/toolkit\/part-03\/chapter-10\/activity-10-07\/stories-of-gender-based-violence\/\" style=\"font-size: 16px;\" target=\"_blank\" rel=\"noopener\"><span>https:\/\/ysafe.net\/ippf\/toolkit\/part-03\/chapter-10\/activity-10-07\/stories-of-gender-based-violence\/<\/span><\/a><\/li>\n<\/ul>\n<p>[\/et_pb_text][\/et_pb_column][\/et_pb_row][et_pb_row _builder_version=&#8221;4.21.2&#8243; _module_preset=&#8221;default&#8221; global_colors_info=&#8221;{}&#8221;][et_pb_column type=&#8221;4_4&#8243; _builder_version=&#8221;4.21.2&#8243; _module_preset=&#8221;default&#8221; global_colors_info=&#8221;{}&#8221;][et_pb_button button_url=&#8221;https:\/\/elearning.ddasproject.eu\/wp-content\/uploads\/ddas_Modulo4_Attivita2_Handout_IT.docx.pdf&#8221; url_new_window=&#8221;on&#8221; button_text=&#8221;Dispensa&#8221; button_alignment=&#8221;center&#8221; _builder_version=&#8221;4.23.2&#8243; _module_preset=&#8221;default&#8221; custom_button=&#8221;on&#8221; button_bg_color=&#8221;#949e38&#8243; background_layout=&#8221;dark&#8221; hover_enabled=&#8221;0&#8243; global_colors_info=&#8221;{}&#8221; sticky_enabled=&#8221;0&#8243;][\/et_pb_button][et_pb_button button_url=&#8221;https:\/\/elearning.ddasproject.eu\/wp-content\/uploads\/ddas_module4_activity2.pdf&#8221; url_new_window=&#8221;on&#8221; button_text=&#8221;Versione PDF &#8221; button_alignment=&#8221;center&#8221; _builder_version=&#8221;4.23.2&#8243; _module_preset=&#8221;default&#8221; custom_button=&#8221;on&#8221; button_bg_color=&#8221;#949e38&#8243; background_layout=&#8221;dark&#8221; global_colors_info=&#8221;{}&#8221;][\/et_pb_button][\/et_pb_column][\/et_pb_row][et_pb_row _builder_version=&#8221;4.21.2&#8243; _module_preset=&#8221;default&#8221; global_colors_info=&#8221;{}&#8221;][et_pb_column type=&#8221;4_4&#8243; _builder_version=&#8221;4.21.2&#8243; _module_preset=&#8221;default&#8221; global_colors_info=&#8221;{}&#8221;][et_pb_button button_url=&#8221;@ET-DC@eyJkeW5hbWljIjp0cnVlLCJjb250ZW50IjoicG9zdF9saW5rX3VybF9zZndkLWNvdXJzZXMiLCJzZXR0aW5ncyI6eyJwb3N0X2lkIjoiNzMifX0=@&#8221; url_new_window=&#8221;on&#8221; button_text=&#8221;Torna al Modulo&#8221; button_alignment=&#8221;center&#8221; _builder_version=&#8221;4.23.2&#8243; _dynamic_attributes=&#8221;button_url&#8221; _module_preset=&#8221;default&#8221; custom_button=&#8221;on&#8221; button_bg_color=&#8221;#6f277c&#8221; background_layout=&#8221;dark&#8221; global_colors_info=&#8221;{}&#8221;][\/et_pb_button][\/et_pb_column][\/et_pb_row][\/et_pb_section]<\/p>\n","protected":false},"excerpt":{"rendered":"<p>Un\u2019attivit\u00e0 basata su degli scenari per aiutare le insegnanti a comprendere diversi concetti legati al genere Un\u2019attivit\u00e0 basata su degli scenari per aiutare le insegnanti a comprendere diversi concetti legati al genere, agli stereotipi e alle violenze ad esse connesse che possono verificarsi a scuola. ObiettiviImparare a conoscere meglio alcuni concetti, gli stereotipi e la [&hellip;]<\/p>\n","protected":false},"author":1,"featured_media":0,"parent":0,"menu_order":0,"comment_status":"closed","ping_status":"closed","template":"","meta":{"_acf_changed":false,"_et_pb_use_builder":"on","_et_pb_old_content":"<!-- wp:divi\/placeholder \/-->","_et_gb_content_width":"","footnotes":""},"class_list":["post-2531","page","type-page","status-publish","hentry"],"acf":[],"_links":{"self":[{"href":"https:\/\/elearning.ddasproject.eu\/it\/wp-json\/wp\/v2\/pages\/2531","targetHints":{"allow":["GET"]}}],"collection":[{"href":"https:\/\/elearning.ddasproject.eu\/it\/wp-json\/wp\/v2\/pages"}],"about":[{"href":"https:\/\/elearning.ddasproject.eu\/it\/wp-json\/wp\/v2\/types\/page"}],"author":[{"embeddable":true,"href":"https:\/\/elearning.ddasproject.eu\/it\/wp-json\/wp\/v2\/users\/1"}],"replies":[{"embeddable":true,"href":"https:\/\/elearning.ddasproject.eu\/it\/wp-json\/wp\/v2\/comments?post=2531"}],"version-history":[{"count":3,"href":"https:\/\/elearning.ddasproject.eu\/it\/wp-json\/wp\/v2\/pages\/2531\/revisions"}],"predecessor-version":[{"id":3999,"href":"https:\/\/elearning.ddasproject.eu\/it\/wp-json\/wp\/v2\/pages\/2531\/revisions\/3999"}],"wp:attachment":[{"href":"https:\/\/elearning.ddasproject.eu\/it\/wp-json\/wp\/v2\/media?parent=2531"}],"curies":[{"name":"wp","href":"https:\/\/api.w.org\/{rel}","templated":true}]}}