{"id":2504,"date":"2023-11-02T08:31:41","date_gmt":"2023-11-02T08:31:41","guid":{"rendered":"https:\/\/elearning.ddasproject.eu\/faq\/"},"modified":"2024-07-19T10:57:48","modified_gmt":"2024-07-19T10:57:48","slug":"faq","status":"publish","type":"page","link":"https:\/\/elearning.ddasproject.eu\/fr\/faq\/","title":{"rendered":"FAQ"},"content":{"rendered":"<p>[et_pb_section fb_built=\u00a0\u00bb1&Prime; admin_label=\u00a0\u00bbDoctors\u00a0\u00bb _builder_version=\u00a0\u00bb4.21.2&Prime; custom_padding=\u00a0\u00bb0px||3px||false|false\u00a0\u00bb locked=\u00a0\u00bboff\u00a0\u00bb global_colors_info=\u00a0\u00bb{}\u00a0\u00bb][et_pb_row padding_top_bottom_link_1=\u00a0\u00bbtrue\u00a0\u00bb padding_left_right_link_1=\u00a0\u00bbtrue\u00a0\u00bb _builder_version=\u00a0\u00bb4.21.2&Prime; background_enable_color=\u00a0\u00bboff\u00a0\u00bb use_background_color_gradient=\u00a0\u00bbon\u00a0\u00bb background_color_gradient_direction=\u00a0\u00bb140deg\u00a0\u00bb background_color_gradient_stops=\u00a0\u00bb#70277d 0%|rgba(112,39,125,0.55) 100%\u00a0\u00bb background_color_gradient_start=\u00a0\u00bb#62de9d\u00a0\u00bb custom_margin=\u00a0\u00bb0px||60px||false|false\u00a0\u00bb custom_padding=\u00a0\u00bb100px|30px|100px|30px|true|true\u00a0\u00bb animation_style=\u00a0\u00bbflip\u00a0\u00bb border_radii=\u00a0\u00bb|60px||60px|\u00a0\u00bb box_shadow_style=\u00a0\u00bbpreset3&Prime; box_shadow_vertical=\u00a0\u00bb45px\u00a0\u00bb box_shadow_blur=\u00a0\u00bb42px\u00a0\u00bb box_shadow_spread=\u00a0\u00bb-26px\u00a0\u00bb box_shadow_color=\u00a0\u00bbrgba(112,39,125,0.59)\u00a0\u00bb locked=\u00a0\u00bboff\u00a0\u00bb global_colors_info=\u00a0\u00bb{}\u00a0\u00bb][et_pb_column type=\u00a0\u00bb4_4&Prime; _builder_version=\u00a0\u00bb4.16&Prime; custom_padding=\u00a0\u00bb|||\u00a0\u00bb global_colors_info=\u00a0\u00bb{}\u00a0\u00bb custom_padding__hover=\u00a0\u00bb|||\u00a0\u00bb][et_pb_post_title meta=\u00a0\u00bboff\u00a0\u00bb featured_image=\u00a0\u00bboff\u00a0\u00bb _builder_version=\u00a0\u00bb4.21.2&Prime; _module_preset=\u00a0\u00bbdefault\u00a0\u00bb title_level=\u00a0\u00bbh2&Prime; title_font=\u00a0\u00bbRoboto|700|||||||\u00a0\u00bb title_text_align=\u00a0\u00bbcenter\u00a0\u00bb title_text_color=\u00a0\u00bb#FFFFFF\u00a0\u00bb title_font_size=\u00a0\u00bb30px\u00a0\u00bb global_colors_info=\u00a0\u00bb{}\u00a0\u00bb title_2_font_size_tablet=\u00a0\u00bb30px\u00a0\u00bb title_2_font_size_phone=\u00a0\u00bb22px\u00a0\u00bb title_2_font_size_last_edited=\u00a0\u00bbon|phone\u00a0\u00bb][\/et_pb_post_title][\/et_pb_column][\/et_pb_row][\/et_pb_section][et_pb_section fb_built=\u00a0\u00bb1&Prime; _builder_version=\u00a0\u00bb4.21.2&Prime; _module_preset=\u00a0\u00bbdefault\u00a0\u00bb global_colors_info=\u00a0\u00bb{}\u00a0\u00bb][et_pb_row column_structure=\u00a0\u00bb1_3,2_3&Prime; _builder_version=\u00a0\u00bb4.23&Prime; _module_preset=\u00a0\u00bbdefault\u00a0\u00bb border_width_bottom=\u00a0\u00bb1px\u00a0\u00bb border_color_bottom=\u00a0\u00bb#6F277C\u00a0\u00bb border_style_bottom=\u00a0\u00bbdashed\u00a0\u00bb global_colors_info=\u00a0\u00bb{}\u00a0\u00bb][et_pb_column type=\u00a0\u00bb1_3&Prime; _builder_version=\u00a0\u00bb4.21.2&Prime; _module_preset=\u00a0\u00bbdefault\u00a0\u00bb global_colors_info=\u00a0\u00bb{}\u00a0\u00bb][et_pb_text _builder_version=\u00a0\u00bb4.23&Prime; _module_preset=\u00a0\u00bbdefault\u00a0\u00bb header_text_color=\u00a0\u00bb#949e38&Prime; header_2_text_color=\u00a0\u00bb#949e38&Prime; border_style_bottom=\u00a0\u00bbdashed\u00a0\u00bb global_colors_info=\u00a0\u00bb{}\u00a0\u00bb]<\/p>\n<h2>Est-il obligatoire de suivre les modules d&rsquo;apprentissage en ligne ?<\/h2>\n<p>[\/et_pb_text][\/et_pb_column][et_pb_column type=\u00a0\u00bb2_3&Prime; _builder_version=\u00a0\u00bb4.21.2&Prime; _module_preset=\u00a0\u00bbdefault\u00a0\u00bb global_colors_info=\u00a0\u00bb{}\u00a0\u00bb][et_pb_text _builder_version=\u00a0\u00bb4.23&Prime; _module_preset=\u00a0\u00bbdefault\u00a0\u00bb border_style_bottom=\u00a0\u00bbdashed\u00a0\u00bb global_colors_info=\u00a0\u00bb{}\u00a0\u00bb]<\/p>\n<p><span>Non, vous pouvez vous inscrire et explorer le module qui vous int\u00e9resse. Nous vous conseillons cependant de suivre le module 0 avant d&rsquo;explorer les 4 autres modules, car il introduit le dialogue d\u00e9mocratique pour aborder les questions controvers\u00e9es \u00e0 l&rsquo;\u00e9cole, en explorant diverses strat\u00e9gies pour transformer ces questions en opportunit\u00e9s p\u00e9dagogiques positives, tandis que les modules 1 \u00e0 4 offrent des conseils approfondis sur des questions controvers\u00e9es sp\u00e9cifiques qui peuvent survenir en classe, en aidant les enseignants \u00e0 explorer le sujet et \u00e0 \u00eatre pr\u00eats \u00e0 faciliter le dialogue d\u00e9mocratique avec les \u00e9l\u00e8ves \u00e0 ce sujet.<\/span><\/p>\n<p><span>Veuillez noter que si vous d\u00e9cidez de compl\u00e9ter les 5 modules du programme d&rsquo;apprentissage en ligne DD@S, vous pourrez recevoir un certificat.<\/span><\/p>\n<p>[\/et_pb_text][\/et_pb_column][\/et_pb_row][et_pb_row column_structure=\u00a0\u00bb1_3,2_3&Prime; _builder_version=\u00a0\u00bb4.21.2&Prime; _module_preset=\u00a0\u00bbdefault\u00a0\u00bb border_width_bottom=\u00a0\u00bb1px\u00a0\u00bb border_color_bottom=\u00a0\u00bb#6F277C\u00a0\u00bb border_style_bottom=\u00a0\u00bbdashed\u00a0\u00bb global_colors_info=\u00a0\u00bb{}\u00a0\u00bb][et_pb_column type=\u00a0\u00bb1_3&Prime; _builder_version=\u00a0\u00bb4.21.2&Prime; _module_preset=\u00a0\u00bbdefault\u00a0\u00bb global_colors_info=\u00a0\u00bb{}\u00a0\u00bb][et_pb_text _builder_version=\u00a0\u00bb4.23&Prime; _module_preset=\u00a0\u00bbdefault\u00a0\u00bb header_text_color=\u00a0\u00bb#949e38&Prime; header_2_text_color=\u00a0\u00bb#949e38&Prime; border_style_bottom=\u00a0\u00bbdashed\u00a0\u00bb global_colors_info=\u00a0\u00bb{}\u00a0\u00bb]<\/p>\n<h2>Puis-je recevoir un certificat pour avoir suivi un ou plusieurs modules ?<\/h2>\n<p>[\/et_pb_text][\/et_pb_column][et_pb_column type=\u00a0\u00bb2_3&Prime; _builder_version=\u00a0\u00bb4.21.2&Prime; _module_preset=\u00a0\u00bbdefault\u00a0\u00bb global_colors_info=\u00a0\u00bb{}\u00a0\u00bb][et_pb_text _builder_version=\u00a0\u00bb4.23&Prime; _module_preset=\u00a0\u00bbdefault\u00a0\u00bb border_style_bottom=\u00a0\u00bbdashed\u00a0\u00bb global_colors_info=\u00a0\u00bb{}\u00a0\u00bb]<\/p>\n<p>Vous pourrez recevoir un certificat de participation apr\u00e8s avoir suivi l&rsquo;ensemble de la formation en ligne bas\u00e9e sur la gamification, comprenant 5 modules.<\/p>\n<p>[\/et_pb_text][\/et_pb_column][\/et_pb_row][et_pb_row column_structure=\u00a0\u00bb1_3,2_3&Prime; _builder_version=\u00a0\u00bb4.21.2&Prime; _module_preset=\u00a0\u00bbdefault\u00a0\u00bb border_width_bottom=\u00a0\u00bb1px\u00a0\u00bb border_color_bottom=\u00a0\u00bb#6F277C\u00a0\u00bb border_style_bottom=\u00a0\u00bbdashed\u00a0\u00bb global_colors_info=\u00a0\u00bb{}\u00a0\u00bb][et_pb_column type=\u00a0\u00bb1_3&Prime; _builder_version=\u00a0\u00bb4.21.2&Prime; _module_preset=\u00a0\u00bbdefault\u00a0\u00bb global_colors_info=\u00a0\u00bb{}\u00a0\u00bb][et_pb_text _builder_version=\u00a0\u00bb4.23&Prime; _module_preset=\u00a0\u00bbdefault\u00a0\u00bb header_text_color=\u00a0\u00bb#949e38&Prime; header_2_text_color=\u00a0\u00bb#949e38&Prime; border_style_bottom=\u00a0\u00bbdashed\u00a0\u00bb global_colors_info=\u00a0\u00bb{}\u00a0\u00bb]<\/p>\n<h2>Les contenus, les activit\u00e9s et les documents peuvent-ils \u00eatre t\u00e9l\u00e9charg\u00e9s sur des appareils priv\u00e9s ?<\/h2>\n<p>[\/et_pb_text][\/et_pb_column][et_pb_column type=\u00a0\u00bb2_3&Prime; _builder_version=\u00a0\u00bb4.21.2&Prime; _module_preset=\u00a0\u00bbdefault\u00a0\u00bb global_colors_info=\u00a0\u00bb{}\u00a0\u00bb][et_pb_text _builder_version=\u00a0\u00bb4.23&Prime; _module_preset=\u00a0\u00bbdefault\u00a0\u00bb border_style_bottom=\u00a0\u00bbdashed\u00a0\u00bb global_colors_info=\u00a0\u00bb{}\u00a0\u00bb]<\/p>\n<p><span>Oui, \u00e0 la fin de chaque module, vous pourrez t\u00e9l\u00e9charger un dossier contenant tout le mat\u00e9riel inclus dans le module, afin de pouvoir y acc\u00e9der au format PDF.<\/span><\/p>\n<p><span>Toutefois, nous tenons \u00e0 souligner que les modules ont \u00e9t\u00e9 con\u00e7us pour faire partie d&rsquo;une formation en ligne bas\u00e9e sur la gamification et que, par cons\u00e9quent, les \u00e9l\u00e9ments de gamification ne peuvent pas \u00eatre accessibles hors ligne.<\/span><\/p>\n<p>[\/et_pb_text][\/et_pb_column][\/et_pb_row][et_pb_row column_structure=\u00a0\u00bb1_3,2_3&Prime; _builder_version=\u00a0\u00bb4.21.2&Prime; _module_preset=\u00a0\u00bbdefault\u00a0\u00bb border_width_bottom=\u00a0\u00bb1px\u00a0\u00bb border_color_bottom=\u00a0\u00bb#6F277C\u00a0\u00bb border_style_bottom=\u00a0\u00bbdashed\u00a0\u00bb global_colors_info=\u00a0\u00bb{}\u00a0\u00bb][et_pb_column type=\u00a0\u00bb1_3&Prime; _builder_version=\u00a0\u00bb4.21.2&Prime; _module_preset=\u00a0\u00bbdefault\u00a0\u00bb global_colors_info=\u00a0\u00bb{}\u00a0\u00bb][et_pb_text _builder_version=\u00a0\u00bb4.23&Prime; _module_preset=\u00a0\u00bbdefault\u00a0\u00bb header_text_color=\u00a0\u00bb#949e38&Prime; header_2_text_color=\u00a0\u00bb#949e38&Prime; border_style_bottom=\u00a0\u00bbdashed\u00a0\u00bb global_colors_info=\u00a0\u00bb{}\u00a0\u00bb]<\/p>\n<h2>Puis-je reprendre l&rsquo;apprentissage en ligne l\u00e0 o\u00f9 je l&rsquo;ai arr\u00eat\u00e9 ou vais-je perdre toutes les donn\u00e9es ?<\/h2>\n<p>[\/et_pb_text][\/et_pb_column][et_pb_column type=\u00a0\u00bb2_3&Prime; _builder_version=\u00a0\u00bb4.21.2&Prime; _module_preset=\u00a0\u00bbdefault\u00a0\u00bb global_colors_info=\u00a0\u00bb{}\u00a0\u00bb][et_pb_text _builder_version=\u00a0\u00bb4.23&Prime; _module_preset=\u00a0\u00bbdefault\u00a0\u00bb border_style_bottom=\u00a0\u00bbdashed\u00a0\u00bb global_colors_info=\u00a0\u00bb{}\u00a0\u00bb]<\/p>\n<p>Bien s\u00fbr, vous pouvez suivre le cours \u00e0 votre rythme, fermer la plateforme et y acc\u00e9der \u00e0 nouveau chaque fois que vous avez le temps et reprendre l\u00e0 o\u00f9 vous vous \u00eates arr\u00eat\u00e9s. Vous constaterez des barres de progression pour chaque module et des symboles pour vous rappeler exactement o\u00f9 vous vous \u00eates arr\u00eat\u00e9s.<\/p>\n<p>[\/et_pb_text][\/et_pb_column][\/et_pb_row][et_pb_row column_structure=\u00a0\u00bb1_3,2_3&Prime; _builder_version=\u00a0\u00bb4.21.2&Prime; _module_preset=\u00a0\u00bbdefault\u00a0\u00bb border_width_bottom=\u00a0\u00bb1px\u00a0\u00bb border_color_bottom=\u00a0\u00bb#6F277C\u00a0\u00bb border_style_bottom=\u00a0\u00bbdashed\u00a0\u00bb global_colors_info=\u00a0\u00bb{}\u00a0\u00bb][et_pb_column type=\u00a0\u00bb1_3&Prime; _builder_version=\u00a0\u00bb4.21.2&Prime; _module_preset=\u00a0\u00bbdefault\u00a0\u00bb global_colors_info=\u00a0\u00bb{}\u00a0\u00bb][et_pb_text _builder_version=\u00a0\u00bb4.23&Prime; _module_preset=\u00a0\u00bbdefault\u00a0\u00bb header_text_color=\u00a0\u00bb#949e38&Prime; header_2_text_color=\u00a0\u00bb#949e38&Prime; border_style_bottom=\u00a0\u00bbdashed\u00a0\u00bb global_colors_info=\u00a0\u00bb{}\u00a0\u00bb]<\/p>\n<h2>Dois-je payer pour suivre les e-learnings ?<\/h2>\n<p>[\/et_pb_text][\/et_pb_column][et_pb_column type=\u00a0\u00bb2_3&Prime; _builder_version=\u00a0\u00bb4.21.2&Prime; _module_preset=\u00a0\u00bbdefault\u00a0\u00bb global_colors_info=\u00a0\u00bb{}\u00a0\u00bb][et_pb_text _builder_version=\u00a0\u00bb4.23&Prime; _module_preset=\u00a0\u00bbdefault\u00a0\u00bb border_style_bottom=\u00a0\u00bbdashed\u00a0\u00bb global_colors_info=\u00a0\u00bb{}\u00a0\u00bb]<\/p>\n<p>Absolument pas ! La formation DD@S est totalement gratuite et tous les contenus sont sous licence \u00ab Creative Commons Attribution \u00bb.<\/p>\n<p>[\/et_pb_text][\/et_pb_column][\/et_pb_row][et_pb_row column_structure=\u00a0\u00bb1_3,2_3&Prime; _builder_version=\u00a0\u00bb4.21.2&Prime; _module_preset=\u00a0\u00bbdefault\u00a0\u00bb border_width_bottom=\u00a0\u00bb1px\u00a0\u00bb border_color_bottom=\u00a0\u00bb#6F277C\u00a0\u00bb border_style_bottom=\u00a0\u00bbdashed\u00a0\u00bb global_colors_info=\u00a0\u00bb{}\u00a0\u00bb][et_pb_column type=\u00a0\u00bb1_3&Prime; _builder_version=\u00a0\u00bb4.21.2&Prime; _module_preset=\u00a0\u00bbdefault\u00a0\u00bb global_colors_info=\u00a0\u00bb{}\u00a0\u00bb][et_pb_text _builder_version=\u00a0\u00bb4.23&Prime; _module_preset=\u00a0\u00bbdefault\u00a0\u00bb header_text_color=\u00a0\u00bb#949e38&Prime; header_2_text_color=\u00a0\u00bb#949e38&Prime; border_style_bottom=\u00a0\u00bbdashed\u00a0\u00bb global_colors_info=\u00a0\u00bb{}\u00a0\u00bb]<\/p>\n<h2>De quel logiciel ai-je besoin pour suivre les formations en ligne ?<\/h2>\n<p>[\/et_pb_text][\/et_pb_column][et_pb_column type=\u00a0\u00bb2_3&Prime; _builder_version=\u00a0\u00bb4.21.2&Prime; _module_preset=\u00a0\u00bbdefault\u00a0\u00bb global_colors_info=\u00a0\u00bb{}\u00a0\u00bb][et_pb_text _builder_version=\u00a0\u00bb4.23&Prime; _module_preset=\u00a0\u00bbdefault\u00a0\u00bb border_style_bottom=\u00a0\u00bbdashed\u00a0\u00bb global_colors_info=\u00a0\u00bb{}\u00a0\u00bb]<\/p>\n<p>Vous pouvez acc\u00e9der \u00e0 la plateforme directement depuis votre navigateur (Chrome, Microsoft Edge, Mozilla Firefox, Safari), sans t\u00e9l\u00e9charger de logiciel ou d&rsquo;application sp\u00e9cifique.<\/p>\n<p>[\/et_pb_text][\/et_pb_column][\/et_pb_row][et_pb_row column_structure=\u00a0\u00bb1_3,2_3&Prime; _builder_version=\u00a0\u00bb4.21.2&Prime; _module_preset=\u00a0\u00bbdefault\u00a0\u00bb border_width_bottom=\u00a0\u00bb1px\u00a0\u00bb border_color_bottom=\u00a0\u00bb#6F277C\u00a0\u00bb border_style_bottom=\u00a0\u00bbdashed\u00a0\u00bb global_colors_info=\u00a0\u00bb{}\u00a0\u00bb][et_pb_column type=\u00a0\u00bb1_3&Prime; _builder_version=\u00a0\u00bb4.21.2&Prime; _module_preset=\u00a0\u00bbdefault\u00a0\u00bb global_colors_info=\u00a0\u00bb{}\u00a0\u00bb][et_pb_text _builder_version=\u00a0\u00bb4.23&Prime; _module_preset=\u00a0\u00bbdefault\u00a0\u00bb header_text_color=\u00a0\u00bb#949e38&Prime; header_2_text_color=\u00a0\u00bb#949e38&Prime; border_style_bottom=\u00a0\u00bbdashed\u00a0\u00bb global_colors_info=\u00a0\u00bb{}\u00a0\u00bb]<\/p>\n<h2>Mes r\u00e9ponses sont-elles \u00e9galement visibles par d&rsquo;autres personnes ?<\/h2>\n<p>[\/et_pb_text][\/et_pb_column][et_pb_column type=\u00a0\u00bb2_3&Prime; _builder_version=\u00a0\u00bb4.21.2&Prime; _module_preset=\u00a0\u00bbdefault\u00a0\u00bb global_colors_info=\u00a0\u00bb{}\u00a0\u00bb][et_pb_text _builder_version=\u00a0\u00bb4.23&Prime; _module_preset=\u00a0\u00bbdefault\u00a0\u00bb border_style_bottom=\u00a0\u00bbdashed\u00a0\u00bb global_colors_info=\u00a0\u00bb{}\u00a0\u00bb]<\/p>\n<p>Non, lorsque vous vous inscrivez, vous recevrez vos identifiants personnels pour vous connecter afin que vous puissiez y acc\u00e9der avec votre propre profil, et vos progr\u00e8s, r\u00e9ponses et activit\u00e9s ne seront visibles que pour vous.<\/p>\n<p>[\/et_pb_text][\/et_pb_column][\/et_pb_row][et_pb_row column_structure=\u00a0\u00bb1_3,2_3&Prime; _builder_version=\u00a0\u00bb4.21.2&Prime; _module_preset=\u00a0\u00bbdefault\u00a0\u00bb border_width_bottom=\u00a0\u00bb1px\u00a0\u00bb border_color_bottom=\u00a0\u00bb#6F277C\u00a0\u00bb border_style_bottom=\u00a0\u00bbdashed\u00a0\u00bb global_colors_info=\u00a0\u00bb{}\u00a0\u00bb][et_pb_column type=\u00a0\u00bb1_3&Prime; _builder_version=\u00a0\u00bb4.21.2&Prime; _module_preset=\u00a0\u00bbdefault\u00a0\u00bb global_colors_info=\u00a0\u00bb{}\u00a0\u00bb][et_pb_text _builder_version=\u00a0\u00bb4.23&Prime; _module_preset=\u00a0\u00bbdefault\u00a0\u00bb header_text_color=\u00a0\u00bb#949e38&Prime; header_2_text_color=\u00a0\u00bb#949e38&Prime; border_style_bottom=\u00a0\u00bbdashed\u00a0\u00bb global_colors_info=\u00a0\u00bb{}\u00a0\u00bb]<\/p>\n<h2>Puis-je copier des parties de texte de cet e-learning ?<\/h2>\n<p>[\/et_pb_text][\/et_pb_column][et_pb_column type=\u00a0\u00bb2_3&Prime; _builder_version=\u00a0\u00bb4.21.2&Prime; _module_preset=\u00a0\u00bbdefault\u00a0\u00bb global_colors_info=\u00a0\u00bb{}\u00a0\u00bb][et_pb_text _builder_version=\u00a0\u00bb4.23&Prime; _module_preset=\u00a0\u00bbdefault\u00a0\u00bb border_style_bottom=\u00a0\u00bbdashed\u00a0\u00bb global_colors_info=\u00a0\u00bb{}\u00a0\u00bb]<\/p>\n<p>Oui, tous les contenus sont sous licence \u00ab Creative Commons Attribution \u00bb, et nous vous encourageons \u00e0 utiliser le mat\u00e9riel fourni dans votre pratique quotidienne pour encourager le dialogue d\u00e9mocratique dans votre \u00e9cole !<\/p>\n<p>[\/et_pb_text][\/et_pb_column][\/et_pb_row][\/et_pb_section]<\/p>\n","protected":false},"excerpt":{"rendered":"<p>Est-il obligatoire de suivre les modules d&rsquo;apprentissage en ligne ?Non, vous pouvez vous inscrire et explorer le module qui vous int\u00e9resse. Nous vous conseillons cependant de suivre le module 0 avant d&rsquo;explorer les 4 autres modules, car il introduit le dialogue d\u00e9mocratique pour aborder les questions controvers\u00e9es \u00e0 l&rsquo;\u00e9cole, en explorant diverses strat\u00e9gies pour transformer [&hellip;]<\/p>\n","protected":false},"author":1,"featured_media":0,"parent":0,"menu_order":0,"comment_status":"closed","ping_status":"closed","template":"","meta":{"_acf_changed":false,"_et_pb_use_builder":"on","_et_pb_old_content":"","_et_gb_content_width":"","footnotes":""},"class_list":["post-2504","page","type-page","status-publish","hentry"],"acf":[],"_links":{"self":[{"href":"https:\/\/elearning.ddasproject.eu\/fr\/wp-json\/wp\/v2\/pages\/2504","targetHints":{"allow":["GET"]}}],"collection":[{"href":"https:\/\/elearning.ddasproject.eu\/fr\/wp-json\/wp\/v2\/pages"}],"about":[{"href":"https:\/\/elearning.ddasproject.eu\/fr\/wp-json\/wp\/v2\/types\/page"}],"author":[{"embeddable":true,"href":"https:\/\/elearning.ddasproject.eu\/fr\/wp-json\/wp\/v2\/users\/1"}],"replies":[{"embeddable":true,"href":"https:\/\/elearning.ddasproject.eu\/fr\/wp-json\/wp\/v2\/comments?post=2504"}],"version-history":[{"count":1,"href":"https:\/\/elearning.ddasproject.eu\/fr\/wp-json\/wp\/v2\/pages\/2504\/revisions"}],"predecessor-version":[{"id":7071,"href":"https:\/\/elearning.ddasproject.eu\/fr\/wp-json\/wp\/v2\/pages\/2504\/revisions\/7071"}],"wp:attachment":[{"href":"https:\/\/elearning.ddasproject.eu\/fr\/wp-json\/wp\/v2\/media?parent=2504"}],"curies":[{"name":"wp","href":"https:\/\/api.w.org\/{rel}","templated":true}]}}